{"id":2814,"date":"2025-07-08T10:03:38","date_gmt":"2025-07-08T10:03:38","guid":{"rendered":"https:\/\/chocard-aventure.ch\/?page_id=2814"},"modified":"2026-02-16T13:26:33","modified_gmt":"2026-02-16T13:26:33","slug":"contact-2","status":"publish","type":"page","link":"https:\/\/chocard-aventure.ch\/en\/contact-2\/","title":{"rendered":"Contact"},"content":{"rendered":"\t\t<div data-elementor-type=\"wp-page\" data-elementor-id=\"2814\" class=\"elementor elementor-2814\">\n\t\t\t\t<div class=\"elementor-element elementor-element-lczrft1 e-flex e-con-boxed e-con e-parent\" data-id=\"lczrft1\" data-element_type=\"container\" data-e-type=\"container\" data-settings=\"{&quot;background_background&quot;:&quot;classic&quot;}\">\n\t\t\t\t\t<div class=\"e-con-inner\">\n\t\t<div class=\"elementor-element elementor-element-05b938a e-con-full e-flex e-con e-child\" data-id=\"05b938a\" data-element_type=\"container\" data-e-type=\"container\">\n\t\t\t\t<div class=\"elementor-element elementor-element-735b1d9 elementor-widget elementor-widget-heading\" data-id=\"735b1d9\" data-element_type=\"widget\" data-e-type=\"widget\" data-widget_type=\"heading.default\">\n\t\t\t\t\t<h1 class=\"elementor-heading-title elementor-size-default\">Contact<\/h1>\t\t\t\t<\/div>\n\t\t\t\t<\/div>\n\t\t\t\t\t<\/div>\n\t\t\t\t<\/div>\n\t\t<div class=\"elementor-element elementor-element-4b3974d e-flex e-con-boxed e-con e-parent\" data-id=\"4b3974d\" data-element_type=\"container\" data-e-type=\"container\">\n\t\t\t\t\t<div class=\"e-con-inner\">\n\t\t\t\t<div class=\"elementor-element elementor-element-e68a85c elementor-widget-divider--view-line_icon elementor-view-default elementor-widget-divider--element-align-center elementor-widget elementor-widget-divider\" data-id=\"e68a85c\" data-element_type=\"widget\" data-e-type=\"widget\" data-widget_type=\"divider.default\">\n\t\t\t\t\t\t\t<div class=\"elementor-divider\">\n\t\t\t<span class=\"elementor-divider-separator\">\n\t\t\t\t\t\t\t<div class=\"elementor-icon elementor-divider__element\">\n\t\t\t\t\t<svg aria-hidden=\"true\" class=\"e-font-icon-svg e-fas-crow\" viewBox=\"0 0 640 512\" xmlns=\"http:\/\/www.w3.org\/2000\/svg\"><path d=\"M544 32h-16.36C513.04 12.68 490.09 0 464 0c-44.18 0-80 35.82-80 80v20.98L12.09 393.57A30.216 30.216 0 0 0 0 417.74c0 22.46 23.64 37.07 43.73 27.03L165.27 384h96.49l44.41 120.1c2.27 6.23 9.15 9.44 15.38 7.17l22.55-8.21c6.23-2.27 9.44-9.15 7.17-15.38L312.94 384H352c1.91 0 3.76-.23 5.66-.29l44.51 120.38c2.27 6.23 9.15 9.44 15.38 7.17l22.55-8.21c6.23-2.27 9.44-9.15 7.17-15.38l-41.24-111.53C485.74 352.8 544 279.26 544 192v-80l96-16c0-35.35-42.98-64-96-64zm-80 72c-13.25 0-24-10.75-24-24 0-13.26 10.75-24 24-24s24 10.74 24 24c0 13.25-10.75 24-24 24z\"><\/path><\/svg><\/div>\n\t\t\t\t\t\t<\/span>\n\t\t<\/div>\n\t\t\t\t\t\t<\/div>\n\t\t\t\t\t<\/div>\n\t\t\t\t<\/div>\n\t\t\t\t<section class=\"elementor-section elementor-top-section elementor-element elementor-element-cz5fuyd elementor-section-boxed elementor-section-height-default elementor-section-height-default\" data-id=\"cz5fuyd\" data-element_type=\"section\" data-e-type=\"section\">\n\t\t\t\t\t\t<div class=\"elementor-container elementor-column-gap-no\">\n\t\t\t\t\t<div class=\"elementor-column elementor-col-100 elementor-top-column elementor-element elementor-element-78aaac5\" data-id=\"78aaac5\" data-element_type=\"column\" data-e-type=\"column\">\n\t\t\t<div class=\"elementor-widget-wrap elementor-element-populated\">\n\t\t\t\t\t\t<div class=\"elementor-element elementor-element-11db822 elementor-widget elementor-widget-heading\" data-id=\"11db822\" data-element_type=\"widget\" data-e-type=\"widget\" data-widget_type=\"heading.default\">\n\t\t\t\t\t<h2 class=\"elementor-heading-title elementor-size-default\">Envoyez votre demande ici<\/h2>\t\t\t\t<\/div>\n\t\t\t\t<section class=\"elementor-section elementor-inner-section elementor-element elementor-element-160c3cf elementor-section-boxed elementor-section-height-default elementor-section-height-default\" data-id=\"160c3cf\" data-element_type=\"section\" data-e-type=\"section\">\n\t\t\t\t\t\t<div class=\"elementor-container elementor-column-gap-no\">\n\t\t\t\t\t<div class=\"elementor-column elementor-col-50 elementor-inner-column elementor-element elementor-element-c2a0b98\" data-id=\"c2a0b98\" data-element_type=\"column\" data-e-type=\"column\">\n\t\t\t<div class=\"elementor-widget-wrap elementor-element-populated\">\n\t\t\t\t\t\t<div class=\"elementor-element elementor-element-df921e1 elementor-vertical-align-top elementor-widget elementor-widget-image-box\" data-id=\"df921e1\" data-element_type=\"widget\" data-e-type=\"widget\" data-widget_type=\"image-box.default\">\n\t\t\t\t\t<div class=\"elementor-image-box-wrapper\"><div class=\"elementor-image-box-content\"><h4 class=\"elementor-image-box-title\">T\u00e9l\u00e9phone <br><\/h4><p class=\"elementor-image-box-description\">+41 79 830 74 17<\/p><\/div><\/div>\t\t\t\t<\/div>\n\t\t\t\t<div class=\"elementor-element elementor-element-fd1cd3c elementor-vertical-align-top elementor-widget elementor-widget-image-box\" data-id=\"fd1cd3c\" data-element_type=\"widget\" data-e-type=\"widget\" data-widget_type=\"image-box.default\">\n\t\t\t\t\t<div class=\"elementor-image-box-wrapper\"><div class=\"elementor-image-box-content\"><h4 class=\"elementor-image-box-title\">email <br><\/h4><p class=\"elementor-image-box-description\">chocard.aventure@hotmail.com<\/p><\/div><\/div>\t\t\t\t<\/div>\n\t\t\t\t\t<\/div>\n\t\t<\/div>\n\t\t\t\t<div class=\"elementor-column elementor-col-50 elementor-inner-column elementor-element elementor-element-2d3cbd2\" data-id=\"2d3cbd2\" data-element_type=\"column\" data-e-type=\"column\">\n\t\t\t<div class=\"elementor-widget-wrap elementor-element-populated\">\n\t\t\t\t\t\t<div class=\"elementor-element elementor-element-a7bc008 elementor-widget elementor-widget-wpforms\" data-id=\"a7bc008\" data-element_type=\"widget\" data-e-type=\"widget\" data-widget_type=\"wpforms.default\">\n\t\t\t\t<div class=\"elementor-widget-container\">\n\t\t\t\t\t<div class=\"wpforms-container \" id=\"wpforms-4\"><form id=\"wpforms-form-4\" class=\"wpforms-validate wpforms-form\" data-formid=\"4\" method=\"post\" enctype=\"multipart\/form-data\" action=\"\/en\/wp-json\/wp\/v2\/pages\/2814\" data-token=\"9a26c43c16c027b9ab1daa2549967c2f\" data-token-time=\"1777388483\"><noscript class=\"wpforms-error-noscript\">Please enable JavaScript in your browser to complete this form.<\/noscript><div class=\"wpforms-field-container\"><div id=\"wpforms-4-field_3-container\" class=\"wpforms-field wpforms-field-name\" data-field-id=\"3\"><label class=\"wpforms-field-label wpforms-label-hide\">Nom <span class=\"wpforms-required-label\">*<\/span><\/label><div class=\"wpforms-field-row wpforms-field-large\"><div class=\"wpforms-field-row-block wpforms-first wpforms-one-half\"><input type=\"text\" id=\"wpforms-4-field_3\" class=\"wpforms-field-name-first wpforms-field-required\" name=\"wpforms[fields][3][first]\" required><label for=\"wpforms-4-field_3\" class=\"wpforms-field-sublabel after\">First<\/label><\/div><div class=\"wpforms-field-row-block wpforms-one-half\"><input type=\"text\" id=\"wpforms-4-field_3-last\" class=\"wpforms-field-name-last wpforms-field-required\" name=\"wpforms[fields][3][last]\" required><label for=\"wpforms-4-field_3-last\" class=\"wpforms-field-sublabel after\">Last<\/label><\/div><\/div><\/div><div id=\"wpforms-4-field_1-container\" class=\"wpforms-field wpforms-field-email\" data-field-id=\"1\"><label class=\"wpforms-field-label wpforms-label-hide\" for=\"wpforms-4-field_1\">Email <span class=\"wpforms-required-label\">*<\/span><\/label><input type=\"email\" id=\"wpforms-4-field_1\" class=\"wpforms-field-large wpforms-field-required\" name=\"wpforms[fields][1]\" spellcheck=\"false\" required><\/div><div id=\"wpforms-4-field_6-container\" class=\"wpforms-field wpforms-field-radio\" data-field-id=\"6\"><label class=\"wpforms-field-label\">Ma question concerne : <\/label><ul id=\"wpforms-4-field_6\"><li class=\"choice-1 depth-1\"><input type=\"radio\" id=\"wpforms-4-field_6_1\" name=\"wpforms[fields][6]\" value=\"Randonn\u00e9es\"  ><label class=\"wpforms-field-label-inline\" for=\"wpforms-4-field_6_1\">Randonn\u00e9es<\/label><\/li><li class=\"choice-2 depth-1\"><input type=\"radio\" id=\"wpforms-4-field_6_2\" name=\"wpforms[fields][6]\" value=\"Treks\"  ><label class=\"wpforms-field-label-inline\" for=\"wpforms-4-field_6_2\">Treks<\/label><\/li><li class=\"choice-3 depth-1\"><input type=\"radio\" id=\"wpforms-4-field_6_3\" name=\"wpforms[fields][6]\" value=\"Voyage \u00e0 l&#039;\u00e9tranger\"  ><label class=\"wpforms-field-label-inline\" for=\"wpforms-4-field_6_3\">Voyage \u00e0 l'\u00e9tranger<\/label><\/li><li class=\"choice-8 depth-1\"><input type=\"radio\" id=\"wpforms-4-field_6_8\" name=\"wpforms[fields][6]\" value=\"Sortie \u00e0 la carte\"  ><label class=\"wpforms-field-label-inline\" for=\"wpforms-4-field_6_8\">Sortie \u00e0 la carte<\/label><\/li><li class=\"choice-7 depth-1\"><input type=\"radio\" id=\"wpforms-4-field_6_7\" name=\"wpforms[fields][6]\" value=\"Bon cadeau\"  ><label class=\"wpforms-field-label-inline\" for=\"wpforms-4-field_6_7\">Bon cadeau<\/label><\/li><li class=\"choice-10 depth-1 wpforms-other-choice\"><input type=\"radio\" id=\"wpforms-4-field_6_10\" data-other-choice=\"true\" name=\"wpforms[fields][6]\" value=\"Autre\"  ><label class=\"wpforms-field-label-inline\" for=\"wpforms-4-field_6_10\">Autre<\/label><\/li><\/ul><input type=\"text\" id=\"wpforms-4-field_6_other\" class=\"wpforms-other-input wpforms-field-required wpforms-field-medium wpforms-hidden\" name=\"wpforms[fields][6][other]\" disabled=\"disabled\" required><\/div><div id=\"wpforms-4-field_5-container\" class=\"wpforms-field wpforms-field-textarea\" data-field-id=\"5\"><label class=\"wpforms-field-label wpforms-label-hide\" for=\"wpforms-4-field_5\">Message<\/label><textarea id=\"wpforms-4-field_5\" class=\"wpforms-field-medium\" name=\"wpforms[fields][5]\" placeholder=\"D\u00e9crivez votre demande (question, renseignement, organisation, bon cadeaux etc...)  \" ><\/textarea><\/div><\/div><!-- .wpforms-field-container --><div class=\"wpforms-field wpforms-field-hp\"><label for=\"wpforms-4-field-hp\" class=\"wpforms-field-label\">Phone<\/label><input type=\"text\" name=\"wpforms[hp]\" id=\"wpforms-4-field-hp\" class=\"wpforms-field-medium\"><\/div><div class=\"wpforms-submit-container\" ><input type=\"hidden\" name=\"wpforms[id]\" value=\"4\"><input type=\"hidden\" name=\"page_title\" value=\"\"><input type=\"hidden\" name=\"page_url\" value=\"https:\/\/chocard-aventure.ch\/en\/wp-json\/wp\/v2\/pages\/2814\"><input type=\"hidden\" name=\"url_referer\" value=\"\"><button type=\"submit\" name=\"wpforms[submit]\" id=\"wpforms-submit-4\" class=\"wpforms-submit\" data-alt-text=\"envoi en cours...\" data-submit-text=\"Envoyez\" aria-live=\"assertive\" value=\"wpforms-submit\">Envoyez<\/button><\/div><\/form><\/div>  <!-- .wpforms-container -->\t\t\t\t<\/div>\n\t\t\t\t<\/div>\n\t\t\t\t\t<\/div>\n\t\t<\/div>\n\t\t\t\t\t<\/div>\n\t\t<\/section>\n\t\t\t\t\t<\/div>\n\t\t<\/div>\n\t\t\t\t\t<\/div>\n\t\t<\/section>\n\t\t<div class=\"elementor-element elementor-element-cd1e2fa e-flex e-con-boxed e-con e-parent\" data-id=\"cd1e2fa\" data-element_type=\"container\" data-e-type=\"container\">\n\t\t\t\t\t<div class=\"e-con-inner\">\n\t\t\t\t<div class=\"elementor-element elementor-element-9ad3c0a elementor-widget-divider--view-line_icon elementor-view-default elementor-widget-divider--element-align-center elementor-widget elementor-widget-divider\" data-id=\"9ad3c0a\" data-element_type=\"widget\" data-e-type=\"widget\" data-widget_type=\"divider.default\">\n\t\t\t\t\t\t\t<div class=\"elementor-divider\">\n\t\t\t<span class=\"elementor-divider-separator\">\n\t\t\t\t\t\t\t<div class=\"elementor-icon elementor-divider__element\">\n\t\t\t\t\t<svg aria-hidden=\"true\" class=\"e-font-icon-svg e-fas-crow\" viewBox=\"0 0 640 512\" xmlns=\"http:\/\/www.w3.org\/2000\/svg\"><path d=\"M544 32h-16.36C513.04 12.68 490.09 0 464 0c-44.18 0-80 35.82-80 80v20.98L12.09 393.57A30.216 30.216 0 0 0 0 417.74c0 22.46 23.64 37.07 43.73 27.03L165.27 384h96.49l44.41 120.1c2.27 6.23 9.15 9.44 15.38 7.17l22.55-8.21c6.23-2.27 9.44-9.15 7.17-15.38L312.94 384H352c1.91 0 3.76-.23 5.66-.29l44.51 120.38c2.27 6.23 9.15 9.44 15.38 7.17l22.55-8.21c6.23-2.27 9.44-9.15 7.17-15.38l-41.24-111.53C485.74 352.8 544 279.26 544 192v-80l96-16c0-35.35-42.98-64-96-64zm-80 72c-13.25 0-24-10.75-24-24 0-13.26 10.75-24 24-24s24 10.74 24 24c0 13.25-10.75 24-24 24z\"><\/path><\/svg><\/div>\n\t\t\t\t\t\t<\/span>\n\t\t<\/div>\n\t\t\t\t\t\t<\/div>\n\t\t\t\t\t<\/div>\n\t\t\t\t<\/div>\n\t\t<div class=\"elementor-element elementor-element-debe080 e-flex e-con-boxed e-con e-parent\" data-id=\"debe080\" data-element_type=\"container\" data-e-type=\"container\">\n\t\t\t\t\t<div class=\"e-con-inner\">\n\t\t<div class=\"elementor-element elementor-element-e309f4d e-con-full e-flex e-con e-child\" data-id=\"e309f4d\" data-element_type=\"container\" data-e-type=\"container\">\n\t\t\t\t<div class=\"elementor-element elementor-element-567907c elementor-view-default elementor-widget elementor-widget-icon\" data-id=\"567907c\" data-element_type=\"widget\" data-e-type=\"widget\" data-widget_type=\"icon.default\">\n\t\t\t\t\t\t\t<div class=\"elementor-icon-wrapper\">\n\t\t\t<a class=\"elementor-icon\" href=\"https:\/\/www.instagram.com\/chocard_aventure\/\">\n\t\t\t<svg aria-hidden=\"true\" class=\"e-font-icon-svg e-fab-instagram\" viewBox=\"0 0 448 512\" xmlns=\"http:\/\/www.w3.org\/2000\/svg\"><path d=\"M224.1 141c-63.6 0-114.9 51.3-114.9 114.9s51.3 114.9 114.9 114.9S339 319.5 339 255.9 287.7 141 224.1 141zm0 189.6c-41.1 0-74.7-33.5-74.7-74.7s33.5-74.7 74.7-74.7 74.7 33.5 74.7 74.7-33.6 74.7-74.7 74.7zm146.4-194.3c0 14.9-12 26.8-26.8 26.8-14.9 0-26.8-12-26.8-26.8s12-26.8 26.8-26.8 26.8 12 26.8 26.8zm76.1 27.2c-1.7-35.9-9.9-67.7-36.2-93.9-26.2-26.2-58-34.4-93.9-36.2-37-2.1-147.9-2.1-184.9 0-35.8 1.7-67.6 9.9-93.9 36.1s-34.4 58-36.2 93.9c-2.1 37-2.1 147.9 0 184.9 1.7 35.9 9.9 67.7 36.2 93.9s58 34.4 93.9 36.2c37 2.1 147.9 2.1 184.9 0 35.9-1.7 67.7-9.9 93.9-36.2 26.2-26.2 34.4-58 36.2-93.9 2.1-37 2.1-147.8 0-184.8zM398.8 388c-7.8 19.6-22.9 34.7-42.6 42.6-29.5 11.7-99.5 9-132.1 9s-102.7 2.6-132.1-9c-19.6-7.8-34.7-22.9-42.6-42.6-11.7-29.5-9-99.5-9-132.1s-2.6-102.7 9-132.1c7.8-19.6 22.9-34.7 42.6-42.6 29.5-11.7 99.5-9 132.1-9s102.7-2.6 132.1 9c19.6 7.8 34.7 22.9 42.6 42.6 11.7 29.5 9 99.5 9 132.1s2.7 102.7-9 132.1z\"><\/path><\/svg>\t\t\t<\/a>\n\t\t<\/div>\n\t\t\t\t\t\t<\/div>\n\t\t\t\t<div class=\"elementor-element elementor-element-00c0776 elementor-widget elementor-widget-button\" data-id=\"00c0776\" data-element_type=\"widget\" data-e-type=\"widget\" data-widget_type=\"button.default\">\n\t\t\t\t\t\t\t\t\t\t<a class=\"elementor-button elementor-button-link elementor-size-sm\" href=\"https:\/\/www.instagram.com\/chocard_aventure\/\">\n\t\t\t\t\t\t<span class=\"elementor-button-content-wrapper\">\n\t\t\t\t\t\t\t\t\t<span class=\"elementor-button-text\">Suivez les aventure du Chocard sur Instagram<\/span>\n\t\t\t\t\t<\/span>\n\t\t\t\t\t<\/a>\n\t\t\t\t\t\t\t\t<\/div>\n\t\t\t\t<\/div>\n\t\t\t\t\t<\/div>\n\t\t\t\t<\/div>\n\t\t<div class=\"elementor-element elementor-element-59d0092 e-flex e-con-boxed e-con e-parent\" data-id=\"59d0092\" data-element_type=\"container\" data-e-type=\"container\">\n\t\t\t\t\t<div class=\"e-con-inner\">\n\t\t<div class=\"elementor-element elementor-element-c01ebf9 e-con-full e-flex e-con e-child\" data-id=\"c01ebf9\" data-element_type=\"container\" data-e-type=\"container\">\n\t\t\t\t<div class=\"elementor-element elementor-element-d7b1609 elementor-widget elementor-widget-image\" data-id=\"d7b1609\" data-element_type=\"widget\" data-e-type=\"widget\" data-widget_type=\"image.default\">\n\t\t\t\t\t\t\t\t\t\t\t\t\t\t\t<img fetchpriority=\"high\" decoding=\"async\" width=\"884\" height=\"1024\" src=\"https:\/\/chocard-aventure.ch\/wp-content\/uploads\/2025\/07\/logo-2-884x1024.png\" class=\"attachment-large size-large wp-image-2808\" alt=\"\" srcset=\"https:\/\/chocard-aventure.ch\/wp-content\/uploads\/2025\/07\/logo-2-884x1024.png 884w, https:\/\/chocard-aventure.ch\/wp-content\/uploads\/2025\/07\/logo-2-259x300.png 259w, https:\/\/chocard-aventure.ch\/wp-content\/uploads\/2025\/07\/logo-2-768x890.png 768w, https:\/\/chocard-aventure.ch\/wp-content\/uploads\/2025\/07\/logo-2-1326x1536.png 1326w, https:\/\/chocard-aventure.ch\/wp-content\/uploads\/2025\/07\/logo-2-1768x2048.png 1768w, https:\/\/chocard-aventure.ch\/wp-content\/uploads\/2025\/07\/logo-2-600x695.png 600w\" sizes=\"(max-width: 884px) 100vw, 884px\" \/>\t\t\t\t\t\t\t\t\t\t\t\t\t\t\t<\/div>\n\t\t\t\t<\/div>\n\t\t\t\t\t<\/div>\n\t\t\t\t<\/div>\n\t\t<div class=\"elementor-element elementor-element-e141c27 e-flex e-con-boxed e-con e-parent\" data-id=\"e141c27\" data-element_type=\"container\" data-e-type=\"container\">\n\t\t\t\t\t<div class=\"e-con-inner\">\n\t\t\t\t<div class=\"elementor-element elementor-element-c801820 elementor-widget-divider--view-line_icon elementor-view-default elementor-widget-divider--element-align-center elementor-widget elementor-widget-divider\" data-id=\"c801820\" data-element_type=\"widget\" data-e-type=\"widget\" data-widget_type=\"divider.default\">\n\t\t\t\t\t\t\t<div class=\"elementor-divider\">\n\t\t\t<span class=\"elementor-divider-separator\">\n\t\t\t\t\t\t\t<div class=\"elementor-icon elementor-divider__element\">\n\t\t\t\t\t<svg aria-hidden=\"true\" class=\"e-font-icon-svg e-fas-crow\" viewBox=\"0 0 640 512\" xmlns=\"http:\/\/www.w3.org\/2000\/svg\"><path d=\"M544 32h-16.36C513.04 12.68 490.09 0 464 0c-44.18 0-80 35.82-80 80v20.98L12.09 393.57A30.216 30.216 0 0 0 0 417.74c0 22.46 23.64 37.07 43.73 27.03L165.27 384h96.49l44.41 120.1c2.27 6.23 9.15 9.44 15.38 7.17l22.55-8.21c6.23-2.27 9.44-9.15 7.17-15.38L312.94 384H352c1.91 0 3.76-.23 5.66-.29l44.51 120.38c2.27 6.23 9.15 9.44 15.38 7.17l22.55-8.21c6.23-2.27 9.44-9.15 7.17-15.38l-41.24-111.53C485.74 352.8 544 279.26 544 192v-80l96-16c0-35.35-42.98-64-96-64zm-80 72c-13.25 0-24-10.75-24-24 0-13.26 10.75-24 24-24s24 10.74 24 24c0 13.25-10.75 24-24 24z\"><\/path><\/svg><\/div>\n\t\t\t\t\t\t<\/span>\n\t\t<\/div>\n\t\t\t\t\t\t<\/div>\n\t\t\t\t\t<\/div>\n\t\t\t\t<\/div>\n\t\t\t\t<\/div>\n\t\t","protected":false},"excerpt":{"rendered":"<p>Contact Envoyez votre demande ici T\u00e9l\u00e9phone +41 79 830 74 17 email chocard.aventure@hotmail.com Veuillez activer JavaScript dans votre navigateur pour remplir ce formulaire.Nom *Pr\u00e9nomNomEmail *Ma question concerne : Randonn\u00e9es Treks Voyage \u00e0 l&rsquo;\u00e9tranger Sortie \u00e0 la carte Bon cadeau Autre MessageMessage Envoyez Suivez les aventure du Chocard sur Instagram<\/p>","protected":false},"author":1,"featured_media":0,"parent":0,"menu_order":0,"comment_status":"closed","ping_status":"closed","template":"","meta":{"_uag_custom_page_level_css":"","site-sidebar-layout":"no-sidebar","site-content-layout":"page-builder","ast-site-content-layout":"full-width-container","site-content-style":"default","site-sidebar-style":"default","ast-global-header-display":"","ast-banner-title-visibility":"","ast-main-header-display":"","ast-hfb-above-header-display":"","ast-hfb-below-header-display":"","ast-hfb-mobile-header-display":"","site-post-title":"disabled","ast-breadcrumbs-content":"","ast-featured-img":"disabled","footer-sml-layout":"","ast-disable-related-posts":"","theme-transparent-header-meta":"","adv-header-id-meta":"","stick-header-meta":"","header-above-stick-meta":"","header-main-stick-meta":"","header-below-stick-meta":"","astra-migrate-meta-layouts":"set","ast-page-background-enabled":"default","ast-page-background-meta":{"desktop":{"background-color":"var(--ast-global-color-4)","background-image":"","background-repeat":"repeat","background-position":"center center","background-size":"auto","background-attachment":"scroll","background-type":"","background-media":"","overlay-type":"","overlay-color":"","overlay-opacity":"","overlay-gradient":""},"tablet":{"background-color":"","background-image":"","background-repeat":"repeat","background-position":"center center","background-size":"auto","background-attachment":"scroll","background-type":"","background-media":"","overlay-type":"","overlay-color":"","overlay-opacity":"","overlay-gradient":""},"mobile":{"background-color":"","background-image":"","background-repeat":"repeat","background-position":"center center","background-size":"auto","background-attachment":"scroll","background-type":"","background-media":"","overlay-type":"","overlay-color":"","overlay-opacity":"","overlay-gradient":""}},"ast-content-background-meta":{"desktop":{"background-color":"var(--ast-global-color-5)","background-image":"","background-repeat":"repeat","background-position":"center center","background-size":"auto","background-attachment":"scroll","background-type":"","background-media":"","overlay-type":"","overlay-color":"","overlay-opacity":"","overlay-gradient":""},"tablet":{"background-color":"var(--ast-global-color-5)","background-image":"","background-repeat":"repeat","background-position":"center center","background-size":"auto","background-attachment":"scroll","background-type":"","background-media":"","overlay-type":"","overlay-color":"","overlay-opacity":"","overlay-gradient":""},"mobile":{"background-color":"var(--ast-global-color-5)","background-image":"","background-repeat":"repeat","background-position":"center center","background-size":"auto","background-attachment":"scroll","background-type":"","background-media":"","overlay-type":"","overlay-color":"","overlay-opacity":"","overlay-gradient":""}},"footnotes":""},"class_list":["post-2814","page","type-page","status-publish","hentry"],"aioseo_notices":[],"uagb_featured_image_src":{"full":false,"thumbnail":false,"medium":false,"medium_large":false,"large":false,"1536x1536":false,"2048x2048":false,"trp-custom-language-flag":false,"woocommerce_thumbnail":false,"woocommerce_single":false,"woocommerce_gallery_thumbnail":false},"uagb_author_info":{"display_name":"chocard.aventure@hotmail.com","author_link":"https:\/\/chocard-aventure.ch\/en\/author\/chopard-aventurehotmail-com\/"},"uagb_comment_info":0,"uagb_excerpt":"Contact Envoyez votre demande ici T\u00e9l\u00e9phone +41 79 830 74 17 email chocard.aventure@hotmail.com Veuillez activer JavaScript dans votre navigateur pour remplir ce formulaire.Nom *Pr\u00e9nomNomEmail *Ma question concerne : Randonn\u00e9es Treks Voyage \u00e0 l&rsquo;\u00e9tranger Sortie \u00e0 la carte Bon cadeau Autre MessageMessage Envoyez Suivez les aventure du Chocard sur Instagram","_links":{"self":[{"href":"https:\/\/chocard-aventure.ch\/en\/wp-json\/wp\/v2\/pages\/2814","targetHints":{"allow":["GET"]}}],"collection":[{"href":"https:\/\/chocard-aventure.ch\/en\/wp-json\/wp\/v2\/pages"}],"about":[{"href":"https:\/\/chocard-aventure.ch\/en\/wp-json\/wp\/v2\/types\/page"}],"author":[{"embeddable":true,"href":"https:\/\/chocard-aventure.ch\/en\/wp-json\/wp\/v2\/users\/1"}],"replies":[{"embeddable":true,"href":"https:\/\/chocard-aventure.ch\/en\/wp-json\/wp\/v2\/comments?post=2814"}],"version-history":[{"count":28,"href":"https:\/\/chocard-aventure.ch\/en\/wp-json\/wp\/v2\/pages\/2814\/revisions"}],"predecessor-version":[{"id":4182,"href":"https:\/\/chocard-aventure.ch\/en\/wp-json\/wp\/v2\/pages\/2814\/revisions\/4182"}],"wp:attachment":[{"href":"https:\/\/chocard-aventure.ch\/en\/wp-json\/wp\/v2\/media?parent=2814"}],"curies":[{"name":"wp","href":"https:\/\/api.w.org\/{rel}","templated":true}]}}