{"id":2871,"date":"2025-07-09T17:04:55","date_gmt":"2025-07-09T17:04:55","guid":{"rendered":"https:\/\/chocard-aventure.ch\/?page_id=2871"},"modified":"2026-02-16T14:24:44","modified_gmt":"2026-02-16T14:24:44","slug":"bons-cadeaux","status":"publish","type":"page","link":"https:\/\/chocard-aventure.ch\/en\/bons-cadeaux\/","title":{"rendered":"Gift vouchers"},"content":{"rendered":"<div data-elementor-type=\"wp-page\" data-elementor-id=\"2871\" class=\"elementor elementor-2871\">\n\t\t\t\t<div class=\"elementor-element elementor-element-q85djd2 e-flex e-con-boxed e-con e-parent\" data-id=\"q85djd2\" data-element_type=\"container\" data-e-type=\"container\" data-settings=\"{&quot;background_background&quot;:&quot;classic&quot;}\">\n\t\t\t\t\t<div class=\"e-con-inner\">\n\t\t<div class=\"elementor-element elementor-element-5a69cc7 e-con-full e-flex e-con e-child\" data-id=\"5a69cc7\" data-element_type=\"container\" data-e-type=\"container\">\n\t\t\t\t<div class=\"elementor-element elementor-element-f184ec7 elementor-widget elementor-widget-heading\" data-id=\"f184ec7\" data-element_type=\"widget\" data-e-type=\"widget\" data-widget_type=\"heading.default\">\n\t\t\t\t\t<h1 class=\"elementor-heading-title elementor-size-default\">Gift Vouchers<\/h1>\t\t\t\t<\/div>\n\t\t\t\t<\/div>\n\t\t\t\t\t<\/div>\n\t\t\t\t<\/div>\n\t\t<div class=\"elementor-element elementor-element-82a4b30 e-flex e-con-boxed e-con e-parent\" data-id=\"82a4b30\" data-element_type=\"container\" data-e-type=\"container\">\n\t\t\t\t\t<div class=\"e-con-inner\">\n\t\t\t\t<div class=\"elementor-element elementor-element-4159713 elementor-widget-divider--view-line_icon elementor-view-default elementor-widget-divider--element-align-center elementor-widget elementor-widget-divider\" data-id=\"4159713\" data-element_type=\"widget\" data-e-type=\"widget\" data-widget_type=\"divider.default\">\n\t\t\t\t\t\t\t<div class=\"elementor-divider\">\n\t\t\t<span class=\"elementor-divider-separator\">\n\t\t\t\t\t\t\t<div class=\"elementor-icon elementor-divider__element\">\n\t\t\t\t\t<svg aria-hidden=\"true\" class=\"e-font-icon-svg e-fas-crow\" viewbox=\"0 0 640 512\" xmlns=\"http:\/\/www.w3.org\/2000\/svg\"><path d=\"M544 32h-16.36C513.04 12.68 490.09 0 464 0c-44.18 0-80 35.82-80 80v20.98L12.09 393.57A30.216 30.216 0 0 0 0 417.74c0 22.46 23.64 37.07 43.73 27.03L165.27 384h96.49l44.41 120.1c2.27 6.23 9.15 9.44 15.38 7.17l22.55-8.21c6.23-2.27 9.44-9.15 7.17-15.38L312.94 384H352c1.91 0 3.76-.23 5.66-.29l44.51 120.38c2.27 6.23 9.15 9.44 15.38 7.17l22.55-8.21c6.23-2.27 9.44-9.15 7.17-15.38l-41.24-111.53C485.74 352.8 544 279.26 544 192v-80l96-16c0-35.35-42.98-64-96-64zm-80 72c-13.25 0-24-10.75-24-24 0-13.26 10.75-24 24-24s24 10.74 24 24c0 13.25-10.75 24-24 24z\"><\/path><\/svg><\/div>\n\t\t\t\t\t\t<\/span>\n\t\t<\/div>\n\t\t\t\t\t\t<\/div>\n\t\t\t\t\t<\/div>\n\t\t\t\t<\/div>\n\t\t<div class=\"elementor-element elementor-element-8238cf9 e-flex e-con-boxed e-con e-parent\" data-id=\"8238cf9\" data-element_type=\"container\" data-e-type=\"container\">\n\t\t\t\t\t<div class=\"e-con-inner\">\n\t\t<div class=\"elementor-element elementor-element-b96c8b4 e-con-full e-flex e-con e-child\" data-id=\"b96c8b4\" data-element_type=\"container\" data-e-type=\"container\">\n\t\t\t\t<div class=\"elementor-element elementor-element-724f525 elementor-widget elementor-widget-text-editor\" data-id=\"724f525\" data-element_type=\"widget\" data-e-type=\"widget\" data-widget_type=\"text-editor.default\">\n\t\t\t\t\t\t\t\t\t<div class=\"page\" title=\"Page 3\"><div class=\"layoutArea\"><div class=\"column\"><p>Are you looking for an original gift for someone who loves nature and exploration?<\/p><p>\u00a0<\/p><p><strong>Chocard Aventure<\/strong> vous propose un <strong>Gift Voucher<\/strong> that opens the door to outdoor outings and adventures.<\/p><p>Choose the itinerary or theme of the outing, or simply set the voucher amount to give the recipient complete freedom.<\/p><p>\u00a0<\/p><p>These gift vouchers give access to excursions, hikes, or nature stays, designed to combine discovery, immersion, and unforgettable moments. The perfect opportunity to enjoy breathtaking landscapes, authentic experiences, and new adventures.<\/p><p>\u00a0<\/p><p>valable <strong>2 years<\/strong> From the date of issue, these vouchers can be used by the recipient or shared with loved ones, allowing several people to enjoy the magic of nature.<\/p><p>A gift that will delight anyone who loves to explore, recharge, and learn more about the world around them.\u201d<\/p><\/div><\/div><\/div>\t\t\t\t\t\t\t\t<\/div>\n\t\t\t\t<\/div>\n\t\t\t\t\t<\/div>\n\t\t\t\t<\/div>\n\t\t<div class=\"elementor-element elementor-element-7e0240b e-flex e-con-boxed e-con e-parent\" data-id=\"7e0240b\" data-element_type=\"container\" data-e-type=\"container\">\n\t\t\t\t\t<div class=\"e-con-inner\">\n\t\t<div class=\"elementor-element elementor-element-f3fc0cc e-con-full e-flex e-con e-child\" data-id=\"f3fc0cc\" data-element_type=\"container\" data-e-type=\"container\">\n\t\t\t\t<div class=\"elementor-element elementor-element-16c5881 elementor-widget elementor-widget-heading\" data-id=\"16c5881\" data-element_type=\"widget\" data-e-type=\"widget\" data-widget_type=\"heading.default\">\n\t\t\t\t\t<h2 class=\"elementor-heading-title elementor-size-default\">Gift voucher options: <\/h2>\t\t\t\t<\/div>\n\t\t\t\t<\/div>\n\t\t\t\t\t<\/div>\n\t\t\t\t<\/div>\n\t\t<div class=\"elementor-element elementor-element-3d1c92c e-flex e-con-boxed e-con e-parent\" data-id=\"3d1c92c\" data-element_type=\"container\" data-e-type=\"container\">\n\t\t\t\t\t<div class=\"e-con-inner\">\n\t\t<div class=\"elementor-element elementor-element-6fbc72c e-con-full e-flex e-con e-child\" data-id=\"6fbc72c\" data-element_type=\"container\" data-e-type=\"container\">\n\t\t\t\t<div class=\"elementor-element elementor-element-b941fd7 elementor-widget elementor-widget-text-editor\" data-id=\"b941fd7\" data-element_type=\"widget\" data-e-type=\"widget\" data-widget_type=\"text-editor.default\">\n\t\t\t\t\t\t\t\t\t<p>Choose the option that suits you from the following six:<\/p><p>Exemples of packages<span style=\"font-style: inherit; font-weight: inherit;\">\u00a0:<\/span><\/p><p><span style=\"font-style: inherit; font-weight: inherit;\">\u00a0<\/span><\/p><ul><li><p>Option 1: \u201c\u00c0 la carte\u201d hike \u2013 value of 50 CHF<\/p><\/li><li><p>Option 2: \u201c\u00c0 la carte\u201d hike \u2013 value of 100 CHF<\/p><\/li><li><p>Option 3: \u201cOne-day hike\u201d \u2013 value of 60 CHF<\/p><\/li><li><p>Option 4: Snowshoe outing for 2 people \u2013 120 CHF (for 2 people)\u00a0<\/p><\/li><li><p>Option 5: You set a budget, and I design a tailored experience for 1 to 10 people based on your wishes.\u00a0<\/p><\/li><li><p>Option 6: I already have something in mind\u2026<\/p><\/li><\/ul>\t\t\t\t\t\t\t\t<\/div>\n\t\t\t\t<\/div>\n\t\t\t\t\t<\/div>\n\t\t\t\t<\/div>\n\t\t<div class=\"elementor-element elementor-element-aa283e5 e-flex e-con-boxed e-con e-parent\" data-id=\"aa283e5\" data-element_type=\"container\" data-e-type=\"container\">\n\t\t\t\t\t<div class=\"e-con-inner\">\n\t\t\t\t<div class=\"elementor-element elementor-element-bf511c7 elementor-widget elementor-widget-heading\" data-id=\"bf511c7\" data-element_type=\"widget\" data-e-type=\"widget\" data-widget_type=\"heading.default\">\n\t\t\t\t\t<h2 class=\"elementor-heading-title elementor-size-default\">How it works : <\/h2>\t\t\t\t<\/div>\n\t\t\t\t\t<\/div>\n\t\t\t\t<\/div>\n\t\t<div class=\"elementor-element elementor-element-60730c2 e-flex e-con-boxed e-con e-parent\" data-id=\"60730c2\" data-element_type=\"container\" data-e-type=\"container\">\n\t\t\t\t\t<div class=\"e-con-inner\">\n\t\t\t\t<div class=\"elementor-element elementor-element-f3e45d1 elementor-widget elementor-widget-text-editor\" data-id=\"f3e45d1\" data-element_type=\"widget\" data-e-type=\"widget\" data-widget_type=\"text-editor.default\">\n\t\t\t\t\t\t\t\t\t<ol><li><p>Select your gift voucher option.<\/p><\/li><li><p>Write a message via the\u00a0<a href=\"https:\/\/chocard-aventure.ch\/en\/contact-2\/\">Contac Me<\/a>\u00a0button to submit your request.<\/p><\/li><li><p>Describe your wishes and preferences, indicating your chosen voucher.<\/p><\/li><li><p>You will receive a confirmation email along with the details of the service and any necessary adjustments.<\/p><\/li><li><p>If the proposal suits you, all relevant information will be sent to you by email.<\/p><\/li><li><p><span style=\"font-size: 16px;\">After your request is confirmed, the gift voucher, <strong>the gift voucher, hand-signed,<\/strong>, will be sent to you by post within 8 working days.<\/span><\/p><\/li><\/ol>\t\t\t\t\t\t\t\t<\/div>\n\t\t\t\t\t<\/div>\n\t\t\t\t<\/div>\n\t\t<div class=\"elementor-element elementor-element-4ecc81e e-flex e-con-boxed e-con e-parent\" data-id=\"4ecc81e\" data-element_type=\"container\" data-e-type=\"container\">\n\t\t\t\t\t<div class=\"e-con-inner\">\n\t\t\t\t<div class=\"elementor-element elementor-element-217f387 elementor-widget elementor-widget-button\" data-id=\"217f387\" data-element_type=\"widget\" data-e-type=\"widget\" data-widget_type=\"button.default\">\n\t\t\t\t\t\t\t\t\t\t<a class=\"elementor-button elementor-button-link elementor-size-sm\" href=\"https:\/\/chocard-aventure.ch\/en\/contact-2\/\">\n\t\t\t\t\t\t<span class=\"elementor-button-content-wrapper\">\n\t\t\t\t\t\t<span class=\"elementor-button-icon\">\n\t\t\t\t<svg aria-hidden=\"true\" class=\"e-font-icon-svg e-fas-crow\" viewbox=\"0 0 640 512\" xmlns=\"http:\/\/www.w3.org\/2000\/svg\"><path d=\"M544 32h-16.36C513.04 12.68 490.09 0 464 0c-44.18 0-80 35.82-80 80v20.98L12.09 393.57A30.216 30.216 0 0 0 0 417.74c0 22.46 23.64 37.07 43.73 27.03L165.27 384h96.49l44.41 120.1c2.27 6.23 9.15 9.44 15.38 7.17l22.55-8.21c6.23-2.27 9.44-9.15 7.17-15.38L312.94 384H352c1.91 0 3.76-.23 5.66-.29l44.51 120.38c2.27 6.23 9.15 9.44 15.38 7.17l22.55-8.21c6.23-2.27 9.44-9.15 7.17-15.38l-41.24-111.53C485.74 352.8 544 279.26 544 192v-80l96-16c0-35.35-42.98-64-96-64zm-80 72c-13.25 0-24-10.75-24-24 0-13.26 10.75-24 24-24s24 10.74 24 24c0 13.25-10.75 24-24 24z\"><\/path><\/svg>\t\t\t<\/span>\n\t\t\t\t\t\t\t\t\t<span class=\"elementor-button-text\">Contact Me<\/span>\n\t\t\t\t\t<\/span>\n\t\t\t\t\t<\/a>\n\t\t\t\t\t\t\t\t<\/div>\n\t\t\t\t\t<\/div>\n\t\t\t\t<\/div>\n\t\t\t\t<\/div>","protected":false},"excerpt":{"rendered":"<p>Bons Cadeaux Vous cherchez un cadeau original pour un proche passionn\u00e9 de nature et de d\u00e9couvertes\u202f? \u00a0 Chocard Aventure vous propose un bon-cadeau qui ouvre les portes de sorties et voyages au grand air. Choisissez l\u2019itin\u00e9raire ou la th\u00e9matique de la sortie, ou d\u00e9terminez simplement la valeur du bon, pour laisser toute libert\u00e9 \u00e0 son [&hellip;]<\/p>\n","protected":false},"author":1,"featured_media":0,"parent":0,"menu_order":0,"comment_status":"closed","ping_status":"closed","template":"","meta":{"_uag_custom_page_level_css":"","site-sidebar-layout":"no-sidebar","site-content-layout":"page-builder","ast-site-content-layout":"full-width-container","site-content-style":"default","site-sidebar-style":"default","ast-global-header-display":"","ast-banner-title-visibility":"","ast-main-header-display":"","ast-hfb-above-header-display":"","ast-hfb-below-header-display":"","ast-hfb-mobile-header-display":"","site-post-title":"disabled","ast-breadcrumbs-content":"","ast-featured-img":"disabled","footer-sml-layout":"","ast-disable-related-posts":"","theme-transparent-header-meta":"","adv-header-id-meta":"","stick-header-meta":"","header-above-stick-meta":"","header-main-stick-meta":"","header-below-stick-meta":"","astra-migrate-meta-layouts":"set","ast-page-background-enabled":"default","ast-page-background-meta":{"desktop":{"background-color":"var(--ast-global-color-4)","background-image":"","background-repeat":"repeat","background-position":"center center","background-size":"auto","background-attachment":"scroll","background-type":"","background-media":"","overlay-type":"","overlay-color":"","overlay-opacity":"","overlay-gradient":""},"tablet":{"background-color":"","background-image":"","background-repeat":"repeat","background-position":"center center","background-size":"auto","background-attachment":"scroll","background-type":"","background-media":"","overlay-type":"","overlay-color":"","overlay-opacity":"","overlay-gradient":""},"mobile":{"background-color":"","background-image":"","background-repeat":"repeat","background-position":"center center","background-size":"auto","background-attachment":"scroll","background-type":"","background-media":"","overlay-type":"","overlay-color":"","overlay-opacity":"","overlay-gradient":""}},"ast-content-background-meta":{"desktop":{"background-color":"var(--ast-global-color-5)","background-image":"","background-repeat":"repeat","background-position":"center center","background-size":"auto","background-attachment":"scroll","background-type":"","background-media":"","overlay-type":"","overlay-color":"","overlay-opacity":"","overlay-gradient":""},"tablet":{"background-color":"var(--ast-global-color-5)","background-image":"","background-repeat":"repeat","background-position":"center center","background-size":"auto","background-attachment":"scroll","background-type":"","background-media":"","overlay-type":"","overlay-color":"","overlay-opacity":"","overlay-gradient":""},"mobile":{"background-color":"var(--ast-global-color-5)","background-image":"","background-repeat":"repeat","background-position":"center center","background-size":"auto","background-attachment":"scroll","background-type":"","background-media":"","overlay-type":"","overlay-color":"","overlay-opacity":"","overlay-gradient":""}},"footnotes":""},"class_list":["post-2871","page","type-page","status-publish","hentry"],"aioseo_notices":[],"uagb_featured_image_src":{"full":false,"thumbnail":false,"medium":false,"medium_large":false,"large":false,"1536x1536":false,"2048x2048":false,"trp-custom-language-flag":false,"woocommerce_thumbnail":false,"woocommerce_single":false,"woocommerce_gallery_thumbnail":false},"uagb_author_info":{"display_name":"chocard.aventure@hotmail.com","author_link":"https:\/\/chocard-aventure.ch\/en\/author\/chopard-aventurehotmail-com\/"},"uagb_comment_info":0,"uagb_excerpt":"Bons Cadeaux Vous cherchez un cadeau original pour un proche passionn\u00e9 de nature et de d\u00e9couvertes\u202f? \u00a0 Chocard Aventure vous propose un bon-cadeau qui ouvre les portes de sorties et voyages au grand air. Choisissez l\u2019itin\u00e9raire ou la th\u00e9matique de la sortie, ou d\u00e9terminez simplement la valeur du bon, pour laisser toute libert\u00e9 \u00e0 son&hellip;","_links":{"self":[{"href":"https:\/\/chocard-aventure.ch\/en\/wp-json\/wp\/v2\/pages\/2871","targetHints":{"allow":["GET"]}}],"collection":[{"href":"https:\/\/chocard-aventure.ch\/en\/wp-json\/wp\/v2\/pages"}],"about":[{"href":"https:\/\/chocard-aventure.ch\/en\/wp-json\/wp\/v2\/types\/page"}],"author":[{"embeddable":true,"href":"https:\/\/chocard-aventure.ch\/en\/wp-json\/wp\/v2\/users\/1"}],"replies":[{"embeddable":true,"href":"https:\/\/chocard-aventure.ch\/en\/wp-json\/wp\/v2\/comments?post=2871"}],"version-history":[{"count":65,"href":"https:\/\/chocard-aventure.ch\/en\/wp-json\/wp\/v2\/pages\/2871\/revisions"}],"predecessor-version":[{"id":4218,"href":"https:\/\/chocard-aventure.ch\/en\/wp-json\/wp\/v2\/pages\/2871\/revisions\/4218"}],"wp:attachment":[{"href":"https:\/\/chocard-aventure.ch\/en\/wp-json\/wp\/v2\/media?parent=2871"}],"curies":[{"name":"wp","href":"https:\/\/api.w.org\/{rel}","templated":true}]}}