{"id":2913,"date":"2025-07-14T11:11:35","date_gmt":"2025-07-14T11:11:35","guid":{"rendered":"https:\/\/chocard-aventure.ch\/?page_id=2913"},"modified":"2026-02-23T14:47:23","modified_gmt":"2026-02-23T14:47:23","slug":"sorties-a-la-carte","status":"publish","type":"page","link":"https:\/\/chocard-aventure.ch\/en\/sorties-a-la-carte\/","title":{"rendered":"Personalized outings"},"content":{"rendered":"<div data-elementor-type=\"wp-page\" data-elementor-id=\"2913\" class=\"elementor elementor-2913\">\n\t\t\t\t<div class=\"elementor-element elementor-element-mc559we e-flex e-con-boxed e-con e-parent\" data-id=\"mc559we\" data-element_type=\"container\" data-e-type=\"container\" data-settings=\"{&quot;background_background&quot;:&quot;classic&quot;}\">\n\t\t\t\t\t<div class=\"e-con-inner\">\n\t\t<div class=\"elementor-element elementor-element-05b938a e-con-full e-flex e-con e-child\" data-id=\"05b938a\" data-element_type=\"container\" data-e-type=\"container\">\n\t\t\t\t<div class=\"elementor-element elementor-element-735b1d9 elementor-widget elementor-widget-heading\" data-id=\"735b1d9\" data-element_type=\"widget\" data-e-type=\"widget\" data-widget_type=\"heading.default\">\n\t\t\t\t\t<h1 class=\"elementor-heading-title elementor-size-default\">Personalized outings<\/h1>\t\t\t\t<\/div>\n\t\t\t\t<\/div>\n\t\t\t\t\t<\/div>\n\t\t\t\t<\/div>\n\t\t<div class=\"elementor-element elementor-element-7667e65 e-flex e-con-boxed e-con e-parent\" data-id=\"7667e65\" data-element_type=\"container\" data-e-type=\"container\">\n\t\t\t\t\t<div class=\"e-con-inner\">\n\t\t\t\t<div class=\"elementor-element elementor-element-ce88fe3 elementor-widget-divider--view-line_icon elementor-view-default elementor-widget-divider--element-align-center elementor-widget elementor-widget-divider\" data-id=\"ce88fe3\" data-element_type=\"widget\" data-e-type=\"widget\" data-widget_type=\"divider.default\">\n\t\t\t\t\t\t\t<div class=\"elementor-divider\">\n\t\t\t<span class=\"elementor-divider-separator\">\n\t\t\t\t\t\t\t<div class=\"elementor-icon elementor-divider__element\">\n\t\t\t\t\t<svg aria-hidden=\"true\" class=\"e-font-icon-svg e-fas-crow\" viewbox=\"0 0 640 512\" xmlns=\"http:\/\/www.w3.org\/2000\/svg\"><path d=\"M544 32h-16.36C513.04 12.68 490.09 0 464 0c-44.18 0-80 35.82-80 80v20.98L12.09 393.57A30.216 30.216 0 0 0 0 417.74c0 22.46 23.64 37.07 43.73 27.03L165.27 384h96.49l44.41 120.1c2.27 6.23 9.15 9.44 15.38 7.17l22.55-8.21c6.23-2.27 9.44-9.15 7.17-15.38L312.94 384H352c1.91 0 3.76-.23 5.66-.29l44.51 120.38c2.27 6.23 9.15 9.44 15.38 7.17l22.55-8.21c6.23-2.27 9.44-9.15 7.17-15.38l-41.24-111.53C485.74 352.8 544 279.26 544 192v-80l96-16c0-35.35-42.98-64-96-64zm-80 72c-13.25 0-24-10.75-24-24 0-13.26 10.75-24 24-24s24 10.74 24 24c0 13.25-10.75 24-24 24z\"><\/path><\/svg><\/div>\n\t\t\t\t\t\t<\/span>\n\t\t<\/div>\n\t\t\t\t\t\t<\/div>\n\t\t\t\t\t<\/div>\n\t\t\t\t<\/div>\n\t\t<div class=\"elementor-element elementor-element-d706a4f e-flex e-con-boxed e-con e-parent\" data-id=\"d706a4f\" data-element_type=\"container\" data-e-type=\"container\">\n\t\t\t\t\t<div class=\"e-con-inner\">\n\t\t\t\t<div class=\"elementor-element elementor-element-d1553c9 elementor-widget elementor-widget-heading\" data-id=\"d1553c9\" data-element_type=\"widget\" data-e-type=\"widget\" data-widget_type=\"heading.default\">\n\t\t\t\t\t<h2 class=\"elementor-heading-title elementor-size-default\">Personalized outings<\/h2>\t\t\t\t<\/div>\n\t\t\t\t\t<\/div>\n\t\t\t\t<\/div>\n\t\t<div class=\"elementor-element elementor-element-8f4a577 e-flex e-con-boxed e-con e-parent\" data-id=\"8f4a577\" data-element_type=\"container\" data-e-type=\"container\">\n\t\t\t\t\t<div class=\"e-con-inner\">\n\t\t\t\t<div class=\"elementor-element elementor-element-2f0fc3d elementor-widget elementor-widget-text-editor\" data-id=\"2f0fc3d\" data-element_type=\"widget\" data-e-type=\"widget\" data-widget_type=\"text-editor.default\">\n\t\t\t\t\t\t\t\t\t<p>Would you like to experience a personalized hike, tailored to your interests, fitness level, or a special occasion? It\u2019s possible!<\/p><p>Les\u00a0<strong>Personalized outings<\/strong>\u00a0allow you to create a tailor-made outing: whether you are an individual, a group of friends, a family, or a company, I offer personalized support based on:<\/p><p>\u00a0<\/p><ul><li>Your hiking level<\/li><li>Your preferred duration (half-day, full day, or multi-day trip)<\/li><li>The theme you\u2019re interested in (wildlife, flora, snowshoeing, sunset, night outing, etc.)<\/li><li>Your preferred region or atmosphere (forest, lake, mountains, alpine pastures, gastronomy, etc.)<\/li><\/ul>\t\t\t\t\t\t\t\t<\/div>\n\t\t\t\t\t<\/div>\n\t\t\t\t<\/div>\n\t\t<div class=\"elementor-element elementor-element-e199c9e e-flex e-con-boxed e-con e-parent\" data-id=\"e199c9e\" data-element_type=\"container\" data-e-type=\"container\">\n\t\t\t\t\t<div class=\"e-con-inner\">\n\t\t\t\t<div class=\"elementor-element elementor-element-45db0c4 elementor-widget elementor-widget-heading\" data-id=\"45db0c4\" data-element_type=\"widget\" data-e-type=\"widget\" data-widget_type=\"heading.default\">\n\t\t\t\t\t<h2 class=\"elementor-heading-title elementor-size-default\">How does it work?<\/h2>\t\t\t\t<\/div>\n\t\t\t\t\t<\/div>\n\t\t\t\t<\/div>\n\t\t<div class=\"elementor-element elementor-element-cf540dd e-flex e-con-boxed e-con e-parent\" data-id=\"cf540dd\" data-element_type=\"container\" data-e-type=\"container\">\n\t\t\t\t\t<div class=\"e-con-inner\">\n\t\t\t\t<div class=\"elementor-element elementor-element-dd28d9a elementor-widget elementor-widget-text-editor\" data-id=\"dd28d9a\" data-element_type=\"widget\" data-e-type=\"widget\" data-widget_type=\"text-editor.default\">\n\t\t\t\t\t\t\t\t\t<p>1. Send a message using the button:<\/p><p><br><\/p><p>&nbsp;\u00ab\u00a0<a href=\"https:\/\/chocard-aventure.ch\/en\/contact-2\/\"><strong>Contact Me<\/strong><\/a>\u00a0\u00bb&nbsp;<\/p><p><br><\/p><p>to submit your request.<\/p>\n<p>2. Describe your request by indicating:&nbsp;<\/p>\n<p>&#8211; le choix de sorties :&nbsp;<\/p>\n<ul>\n<li>Half-day<\/li>\n<li>One-day hike<\/li>\n<li>Multi-day trek<\/li>\n<li>Trip abroad&nbsp;&nbsp;&nbsp;&nbsp;&nbsp;&nbsp;&nbsp;&nbsp;&nbsp;&nbsp;&nbsp;&nbsp;&nbsp;&nbsp;&nbsp;&nbsp;&nbsp;&nbsp;<\/li>\n<\/ul>\n<p>\u2013 Hiking difficulty level:<\/p>\n<ul>\n<li>Beginner<\/li>\n<li>Intermediate<\/li>\n<li>Experienced&nbsp;&nbsp;&nbsp;&nbsp;<\/li>\n<\/ul>\n<p>\u2013 Theme of your choice:<\/p>\n<ul>\n<li>Wildlife<\/li>\n<li>Flora<\/li>\n<li>Geology<\/li>\n<li>Culture<\/li>\n<li>Forest<\/li>\n<li>Lake<\/li>\n<li>Mountain<\/li>\n<li>high Mountain<\/li>\n<li>Alpine pastures<\/li>\n<li>I\u2019m curious and open<\/li>\n<\/ul>\n<p>\u2013 Number of participants:<\/p>\n<ul>\n<li>Me + 1<\/li>\n<li>More than 3 people<\/li>\n<li>Group of up to 8 people<\/li>\n<\/ul>\t\t\t\t\t\t\t\t<\/div>\n\t\t\t\t\t<\/div>\n\t\t\t\t<\/div>\n\t\t<div class=\"elementor-element elementor-element-c23d4f6 e-flex e-con-boxed e-con e-parent\" data-id=\"c23d4f6\" data-element_type=\"container\" data-e-type=\"container\">\n\t\t\t\t\t<div class=\"e-con-inner\">\n\t\t\t\t<div class=\"elementor-element elementor-element-ce48f84 elementor-align-center elementor-widget elementor-widget-button\" data-id=\"ce48f84\" data-element_type=\"widget\" data-e-type=\"widget\" data-widget_type=\"button.default\">\n\t\t\t\t\t\t\t\t\t\t<a class=\"elementor-button elementor-button-link elementor-size-sm\" href=\"https:\/\/chocard-aventure.ch\/en\/contact-2\/\">\n\t\t\t\t\t\t<span class=\"elementor-button-content-wrapper\">\n\t\t\t\t\t\t\t\t\t<span class=\"elementor-button-text\">Contact Me<\/span>\n\t\t\t\t\t<\/span>\n\t\t\t\t\t<\/a>\n\t\t\t\t\t\t\t\t<\/div>\n\t\t\t\t\t<\/div>\n\t\t\t\t<\/div>\n\t\t<div class=\"elementor-element elementor-element-a18a71d e-flex e-con-boxed e-con e-parent\" data-id=\"a18a71d\" data-element_type=\"container\" data-e-type=\"container\">\n\t\t\t\t\t<div class=\"e-con-inner\">\n\t\t\t\t<div class=\"elementor-element elementor-element-72e66ef elementor-widget-divider--view-line elementor-widget elementor-widget-divider\" data-id=\"72e66ef\" data-element_type=\"widget\" data-e-type=\"widget\" data-widget_type=\"divider.default\">\n\t\t\t\t\t\t\t<div class=\"elementor-divider\">\n\t\t\t<span class=\"elementor-divider-separator\">\n\t\t\t\t\t\t<\/span>\n\t\t<\/div>\n\t\t\t\t\t\t<\/div>\n\t\t\t\t\t<\/div>\n\t\t\t\t<\/div>\n\t\t<div class=\"elementor-element elementor-element-f9c5c78 e-flex e-con-boxed e-con e-parent\" data-id=\"f9c5c78\" data-element_type=\"container\" data-e-type=\"container\">\n\t\t\t\t\t<div class=\"e-con-inner\">\n\t\t\t\t<div class=\"elementor-element elementor-element-63e85fb elementor-widget-divider--view-line_icon elementor-view-default elementor-widget-divider--element-align-center elementor-widget elementor-widget-divider\" data-id=\"63e85fb\" data-element_type=\"widget\" data-e-type=\"widget\" data-widget_type=\"divider.default\">\n\t\t\t\t\t\t\t<div class=\"elementor-divider\">\n\t\t\t<span class=\"elementor-divider-separator\">\n\t\t\t\t\t\t\t<div class=\"elementor-icon elementor-divider__element\">\n\t\t\t\t\t<svg aria-hidden=\"true\" class=\"e-font-icon-svg e-fas-crow\" viewbox=\"0 0 640 512\" xmlns=\"http:\/\/www.w3.org\/2000\/svg\"><path d=\"M544 32h-16.36C513.04 12.68 490.09 0 464 0c-44.18 0-80 35.82-80 80v20.98L12.09 393.57A30.216 30.216 0 0 0 0 417.74c0 22.46 23.64 37.07 43.73 27.03L165.27 384h96.49l44.41 120.1c2.27 6.23 9.15 9.44 15.38 7.17l22.55-8.21c6.23-2.27 9.44-9.15 7.17-15.38L312.94 384H352c1.91 0 3.76-.23 5.66-.29l44.51 120.38c2.27 6.23 9.15 9.44 15.38 7.17l22.55-8.21c6.23-2.27 9.44-9.15 7.17-15.38l-41.24-111.53C485.74 352.8 544 279.26 544 192v-80l96-16c0-35.35-42.98-64-96-64zm-80 72c-13.25 0-24-10.75-24-24 0-13.26 10.75-24 24-24s24 10.74 24 24c0 13.25-10.75 24-24 24z\"><\/path><\/svg><\/div>\n\t\t\t\t\t\t<\/span>\n\t\t<\/div>\n\t\t\t\t\t\t<\/div>\n\t\t\t\t\t<\/div>\n\t\t\t\t<\/div>\n\t\t<div class=\"elementor-element elementor-element-6ac96a0 e-flex e-con-boxed e-con e-parent\" data-id=\"6ac96a0\" data-element_type=\"container\" data-e-type=\"container\">\n\t\t\t\t\t<div class=\"e-con-inner\">\n\t\t\t\t<div class=\"elementor-element elementor-element-fe0e69f elementor-widget elementor-widget-image\" data-id=\"fe0e69f\" data-element_type=\"widget\" data-e-type=\"widget\" data-widget_type=\"image.default\">\n\t\t\t\t\t\t\t\t\t\t\t\t\t\t\t<img fetchpriority=\"high\" decoding=\"async\" width=\"884\" height=\"1024\" src=\"https:\/\/chocard-aventure.ch\/wp-content\/uploads\/2025\/07\/logo-2-884x1024.png\" class=\"attachment-large size-large wp-image-2808\" alt=\"\" srcset=\"https:\/\/chocard-aventure.ch\/wp-content\/uploads\/2025\/07\/logo-2-884x1024.png 884w, https:\/\/chocard-aventure.ch\/wp-content\/uploads\/2025\/07\/logo-2-259x300.png 259w, https:\/\/chocard-aventure.ch\/wp-content\/uploads\/2025\/07\/logo-2-768x890.png 768w, https:\/\/chocard-aventure.ch\/wp-content\/uploads\/2025\/07\/logo-2-1326x1536.png 1326w, https:\/\/chocard-aventure.ch\/wp-content\/uploads\/2025\/07\/logo-2-1768x2048.png 1768w, https:\/\/chocard-aventure.ch\/wp-content\/uploads\/2025\/07\/logo-2-600x695.png 600w\" sizes=\"(max-width: 884px) 100vw, 884px\" \/>\t\t\t\t\t\t\t\t\t\t\t\t\t\t\t<\/div>\n\t\t\t\t\t<\/div>\n\t\t\t\t<\/div>\n\t\t\t\t<\/div>","protected":false},"excerpt":{"rendered":"<p>Sorties \u00e0 la carte Sorties \u00e0 la carte Vous souhaitez vivre une randonn\u00e9e personnalis\u00e9e, adapt\u00e9e \u00e0 vos envies, votre niveau ou une occasion particuli\u00e8re ? C\u2019est possible ! Les\u00a0sorties \u00e0 la carte\u00a0vous permettent de construire une sortie sur mesure : que vous soyez un\u00b7e particulier\u00b7\u00e8re, un groupe d\u2019amis, une famille ou une entreprise, je vous [&hellip;]<\/p>\n","protected":false},"author":1,"featured_media":0,"parent":0,"menu_order":0,"comment_status":"closed","ping_status":"closed","template":"","meta":{"_uag_custom_page_level_css":"","site-sidebar-layout":"no-sidebar","site-content-layout":"page-builder","ast-site-content-layout":"full-width-container","site-content-style":"default","site-sidebar-style":"default","ast-global-header-display":"","ast-banner-title-visibility":"","ast-main-header-display":"","ast-hfb-above-header-display":"","ast-hfb-below-header-display":"","ast-hfb-mobile-header-display":"","site-post-title":"disabled","ast-breadcrumbs-content":"","ast-featured-img":"disabled","footer-sml-layout":"","ast-disable-related-posts":"","theme-transparent-header-meta":"","adv-header-id-meta":"","stick-header-meta":"","header-above-stick-meta":"","header-main-stick-meta":"","header-below-stick-meta":"","astra-migrate-meta-layouts":"set","ast-page-background-enabled":"default","ast-page-background-meta":{"desktop":{"background-color":"var(--ast-global-color-4)","background-image":"","background-repeat":"repeat","background-position":"center center","background-size":"auto","background-attachment":"scroll","background-type":"","background-media":"","overlay-type":"","overlay-color":"","overlay-opacity":"","overlay-gradient":""},"tablet":{"background-color":"","background-image":"","background-repeat":"repeat","background-position":"center center","background-size":"auto","background-attachment":"scroll","background-type":"","background-media":"","overlay-type":"","overlay-color":"","overlay-opacity":"","overlay-gradient":""},"mobile":{"background-color":"","background-image":"","background-repeat":"repeat","background-position":"center center","background-size":"auto","background-attachment":"scroll","background-type":"","background-media":"","overlay-type":"","overlay-color":"","overlay-opacity":"","overlay-gradient":""}},"ast-content-background-meta":{"desktop":{"background-color":"var(--ast-global-color-5)","background-image":"","background-repeat":"repeat","background-position":"center center","background-size":"auto","background-attachment":"scroll","background-type":"","background-media":"","overlay-type":"","overlay-color":"","overlay-opacity":"","overlay-gradient":""},"tablet":{"background-color":"var(--ast-global-color-5)","background-image":"","background-repeat":"repeat","background-position":"center center","background-size":"auto","background-attachment":"scroll","background-type":"","background-media":"","overlay-type":"","overlay-color":"","overlay-opacity":"","overlay-gradient":""},"mobile":{"background-color":"var(--ast-global-color-5)","background-image":"","background-repeat":"repeat","background-position":"center center","background-size":"auto","background-attachment":"scroll","background-type":"","background-media":"","overlay-type":"","overlay-color":"","overlay-opacity":"","overlay-gradient":""}},"footnotes":""},"class_list":["post-2913","page","type-page","status-publish","hentry"],"aioseo_notices":[],"uagb_featured_image_src":{"full":false,"thumbnail":false,"medium":false,"medium_large":false,"large":false,"1536x1536":false,"2048x2048":false,"trp-custom-language-flag":false,"woocommerce_thumbnail":false,"woocommerce_single":false,"woocommerce_gallery_thumbnail":false},"uagb_author_info":{"display_name":"chocard.aventure@hotmail.com","author_link":"https:\/\/chocard-aventure.ch\/en\/author\/chopard-aventurehotmail-com\/"},"uagb_comment_info":0,"uagb_excerpt":"Sorties \u00e0 la carte Sorties \u00e0 la carte Vous souhaitez vivre une randonn\u00e9e personnalis\u00e9e, adapt\u00e9e \u00e0 vos envies, votre niveau ou une occasion particuli\u00e8re ? C\u2019est possible ! Les\u00a0sorties \u00e0 la carte\u00a0vous permettent de construire une sortie sur mesure : que vous soyez un\u00b7e particulier\u00b7\u00e8re, un groupe d\u2019amis, une famille ou une entreprise, je vous&hellip;","_links":{"self":[{"href":"https:\/\/chocard-aventure.ch\/en\/wp-json\/wp\/v2\/pages\/2913","targetHints":{"allow":["GET"]}}],"collection":[{"href":"https:\/\/chocard-aventure.ch\/en\/wp-json\/wp\/v2\/pages"}],"about":[{"href":"https:\/\/chocard-aventure.ch\/en\/wp-json\/wp\/v2\/types\/page"}],"author":[{"embeddable":true,"href":"https:\/\/chocard-aventure.ch\/en\/wp-json\/wp\/v2\/users\/1"}],"replies":[{"embeddable":true,"href":"https:\/\/chocard-aventure.ch\/en\/wp-json\/wp\/v2\/comments?post=2913"}],"version-history":[{"count":26,"href":"https:\/\/chocard-aventure.ch\/en\/wp-json\/wp\/v2\/pages\/2913\/revisions"}],"predecessor-version":[{"id":4734,"href":"https:\/\/chocard-aventure.ch\/en\/wp-json\/wp\/v2\/pages\/2913\/revisions\/4734"}],"wp:attachment":[{"href":"https:\/\/chocard-aventure.ch\/en\/wp-json\/wp\/v2\/media?parent=2913"}],"curies":[{"name":"wp","href":"https:\/\/api.w.org\/{rel}","templated":true}]}}