{"id":2871,"date":"2025-07-09T17:04:55","date_gmt":"2025-07-09T17:04:55","guid":{"rendered":"https:\/\/chocard-aventure.ch\/?page_id=2871"},"modified":"2026-02-16T14:24:44","modified_gmt":"2026-02-16T14:24:44","slug":"bons-cadeaux","status":"publish","type":"page","link":"https:\/\/chocard-aventure.ch\/fr\/bons-cadeaux\/","title":{"rendered":"Bons cadeaux"},"content":{"rendered":"\t\t<div data-elementor-type=\"wp-page\" data-elementor-id=\"2871\" class=\"elementor elementor-2871\">\n\t\t\t\t<div class=\"elementor-element elementor-element-q85djd2 e-flex e-con-boxed e-con e-parent\" data-id=\"q85djd2\" data-element_type=\"container\" data-e-type=\"container\" data-settings=\"{&quot;background_background&quot;:&quot;classic&quot;}\">\n\t\t\t\t\t<div class=\"e-con-inner\">\n\t\t<div class=\"elementor-element elementor-element-5a69cc7 e-con-full e-flex e-con e-child\" data-id=\"5a69cc7\" data-element_type=\"container\" data-e-type=\"container\">\n\t\t\t\t<div class=\"elementor-element elementor-element-f184ec7 elementor-widget elementor-widget-heading\" data-id=\"f184ec7\" data-element_type=\"widget\" data-e-type=\"widget\" data-widget_type=\"heading.default\">\n\t\t\t\t\t<h1 class=\"elementor-heading-title elementor-size-default\">Bons Cadeaux<\/h1>\t\t\t\t<\/div>\n\t\t\t\t<\/div>\n\t\t\t\t\t<\/div>\n\t\t\t\t<\/div>\n\t\t<div class=\"elementor-element elementor-element-82a4b30 e-flex e-con-boxed e-con e-parent\" data-id=\"82a4b30\" data-element_type=\"container\" data-e-type=\"container\">\n\t\t\t\t\t<div class=\"e-con-inner\">\n\t\t\t\t<div class=\"elementor-element elementor-element-4159713 elementor-widget-divider--view-line_icon elementor-view-default elementor-widget-divider--element-align-center elementor-widget elementor-widget-divider\" data-id=\"4159713\" data-element_type=\"widget\" data-e-type=\"widget\" data-widget_type=\"divider.default\">\n\t\t\t\t\t\t\t<div class=\"elementor-divider\">\n\t\t\t<span class=\"elementor-divider-separator\">\n\t\t\t\t\t\t\t<div class=\"elementor-icon elementor-divider__element\">\n\t\t\t\t\t<svg aria-hidden=\"true\" class=\"e-font-icon-svg e-fas-crow\" viewBox=\"0 0 640 512\" xmlns=\"http:\/\/www.w3.org\/2000\/svg\"><path d=\"M544 32h-16.36C513.04 12.68 490.09 0 464 0c-44.18 0-80 35.82-80 80v20.98L12.09 393.57A30.216 30.216 0 0 0 0 417.74c0 22.46 23.64 37.07 43.73 27.03L165.27 384h96.49l44.41 120.1c2.27 6.23 9.15 9.44 15.38 7.17l22.55-8.21c6.23-2.27 9.44-9.15 7.17-15.38L312.94 384H352c1.91 0 3.76-.23 5.66-.29l44.51 120.38c2.27 6.23 9.15 9.44 15.38 7.17l22.55-8.21c6.23-2.27 9.44-9.15 7.17-15.38l-41.24-111.53C485.74 352.8 544 279.26 544 192v-80l96-16c0-35.35-42.98-64-96-64zm-80 72c-13.25 0-24-10.75-24-24 0-13.26 10.75-24 24-24s24 10.74 24 24c0 13.25-10.75 24-24 24z\"><\/path><\/svg><\/div>\n\t\t\t\t\t\t<\/span>\n\t\t<\/div>\n\t\t\t\t\t\t<\/div>\n\t\t\t\t\t<\/div>\n\t\t\t\t<\/div>\n\t\t<div class=\"elementor-element elementor-element-8238cf9 e-flex e-con-boxed e-con e-parent\" data-id=\"8238cf9\" data-element_type=\"container\" data-e-type=\"container\">\n\t\t\t\t\t<div class=\"e-con-inner\">\n\t\t<div class=\"elementor-element elementor-element-b96c8b4 e-con-full e-flex e-con e-child\" data-id=\"b96c8b4\" data-element_type=\"container\" data-e-type=\"container\">\n\t\t\t\t<div class=\"elementor-element elementor-element-724f525 elementor-widget elementor-widget-text-editor\" data-id=\"724f525\" data-element_type=\"widget\" data-e-type=\"widget\" data-widget_type=\"text-editor.default\">\n\t\t\t\t\t\t\t\t\t<div class=\"page\" title=\"Page 3\"><div class=\"layoutArea\"><div class=\"column\"><p>Vous cherchez un cadeau original pour un proche passionn\u00e9 de nature et de d\u00e9couvertes\u202f?<\/p><p>\u00a0<\/p><p><strong>Chocard Aventure<\/strong> vous propose un <strong>bon-cadeau<\/strong> qui ouvre les portes de sorties et voyages au grand air.<\/p><p>Choisissez l\u2019itin\u00e9raire ou la th\u00e9matique de la sortie, ou d\u00e9terminez simplement la valeur du bon, pour laisser toute libert\u00e9 \u00e0 son b\u00e9n\u00e9ficiaire.<\/p><p>\u00a0<\/p><p>Ces bons cadeaux permettent de participer \u00e0 des excursions, randonn\u00e9es ou s\u00e9jours nature, con\u00e7us pour allier d\u00e9couverte, immersion et moments inoubliables. L\u2019occasion parfaite de partager des panoramas \u00e9poustouflants, des exp\u00e9riences authentiques et de nouvelles aventures.<\/p><p>\u00a0<\/p><p>Valables <strong>2 ans<\/strong> \u00e0 compter de leur date d\u2019\u00e9mission, ces bons peuvent \u00eatre utilis\u00e9s par la personne qui les re\u00e7oit ou partag\u00e9s avec ses proches, pour offrir \u00e0 plusieurs la magie de la nature.<\/p><p>Un cadeau qui ravira tous ceux qui aiment explorer, se ressourcer et en apprendre davantage sur le monde qui les entoure.<\/p><\/div><\/div><\/div>\t\t\t\t\t\t\t\t<\/div>\n\t\t\t\t<\/div>\n\t\t\t\t\t<\/div>\n\t\t\t\t<\/div>\n\t\t<div class=\"elementor-element elementor-element-7e0240b e-flex e-con-boxed e-con e-parent\" data-id=\"7e0240b\" data-element_type=\"container\" data-e-type=\"container\">\n\t\t\t\t\t<div class=\"e-con-inner\">\n\t\t<div class=\"elementor-element elementor-element-f3fc0cc e-con-full e-flex e-con e-child\" data-id=\"f3fc0cc\" data-element_type=\"container\" data-e-type=\"container\">\n\t\t\t\t<div class=\"elementor-element elementor-element-16c5881 elementor-widget elementor-widget-heading\" data-id=\"16c5881\" data-element_type=\"widget\" data-e-type=\"widget\" data-widget_type=\"heading.default\">\n\t\t\t\t\t<h2 class=\"elementor-heading-title elementor-size-default\">Les options de bons cadeaux : <\/h2>\t\t\t\t<\/div>\n\t\t\t\t<\/div>\n\t\t\t\t\t<\/div>\n\t\t\t\t<\/div>\n\t\t<div class=\"elementor-element elementor-element-3d1c92c e-flex e-con-boxed e-con e-parent\" data-id=\"3d1c92c\" data-element_type=\"container\" data-e-type=\"container\">\n\t\t\t\t\t<div class=\"e-con-inner\">\n\t\t<div class=\"elementor-element elementor-element-6fbc72c e-con-full e-flex e-con e-child\" data-id=\"6fbc72c\" data-element_type=\"container\" data-e-type=\"container\">\n\t\t\t\t<div class=\"elementor-element elementor-element-b941fd7 elementor-widget elementor-widget-text-editor\" data-id=\"b941fd7\" data-element_type=\"widget\" data-e-type=\"widget\" data-widget_type=\"text-editor.default\">\n\t\t\t\t\t\t\t\t\t<p>Choisissez la formule qui vous convient parmi les 6 options suivantes :<\/p><p>Exemples de formules<span style=\"font-style: inherit; font-weight: inherit;\">\u00a0:<\/span><\/p><p><span style=\"font-style: inherit; font-weight: inherit;\">\u00a0<\/span><\/p><ul><li><p>Choix 1 : Randonne\u0301e \u201ca\u0300 la carte\u201d \u2013 valeur de 50 CHF<\/p><\/li><li><p>Choix 2 : Randonne\u0301e \u201ca\u0300 la carte\u201d \u2013 valeur de 100 CHF<\/p><\/li><li><p>Choix 3 : \u00ab\u00a0Randonne\u0301e 1 jour\u00a0\u00bb \u2013 valeur de 60CHF<\/p><\/li><li><p>Choix 4 : Sortie en raquettes pour 2 personnes &#8211; 120 CHF (Pour 2 personnes)\u00a0<\/p><\/li><li><p>Choix 5 : Vous de\u0301finissez un budget, je conc\u0327ois une expe\u0301rience adapte\u0301e pour 1 a\u0300 10 personnes en fonction de vos envies.\u00a0<\/p><\/li><li><p>Choix 6 : J&rsquo;ai d\u00e9j\u00e0 ma petite id\u00e9e en t\u00eate&#8230;<\/p><\/li><\/ul>\t\t\t\t\t\t\t\t<\/div>\n\t\t\t\t<\/div>\n\t\t\t\t\t<\/div>\n\t\t\t\t<\/div>\n\t\t<div class=\"elementor-element elementor-element-aa283e5 e-flex e-con-boxed e-con e-parent\" data-id=\"aa283e5\" data-element_type=\"container\" data-e-type=\"container\">\n\t\t\t\t\t<div class=\"e-con-inner\">\n\t\t\t\t<div class=\"elementor-element elementor-element-bf511c7 elementor-widget elementor-widget-heading\" data-id=\"bf511c7\" data-element_type=\"widget\" data-e-type=\"widget\" data-widget_type=\"heading.default\">\n\t\t\t\t\t<h2 class=\"elementor-heading-title elementor-size-default\">Fonctionnement : <\/h2>\t\t\t\t<\/div>\n\t\t\t\t\t<\/div>\n\t\t\t\t<\/div>\n\t\t<div class=\"elementor-element elementor-element-60730c2 e-flex e-con-boxed e-con e-parent\" data-id=\"60730c2\" data-element_type=\"container\" data-e-type=\"container\">\n\t\t\t\t\t<div class=\"e-con-inner\">\n\t\t\t\t<div class=\"elementor-element elementor-element-f3e45d1 elementor-widget elementor-widget-text-editor\" data-id=\"f3e45d1\" data-element_type=\"widget\" data-e-type=\"widget\" data-widget_type=\"text-editor.default\">\n\t\t\t\t\t\t\t\t\t<ol><li><p>S\u00e9lectionnez votre choix de bon cadeau.<\/p><\/li><li><p>Ecrivez un message via le bouton \u00ab\u00a0<a href=\"https:\/\/chocard-aventure.ch\/contact-2\/\">contactez-moi<\/a>\u00a0\u00bb pour me faire votre demande.<\/p><\/li><li><p>D\u00e9crire votre souhait et vos envies avec l&rsquo;indication du choix du bon cadeau.<\/p><\/li><li><p>Vous recevrez une confirmation par e-mail ainsi que le d\u00e9tail pour la prestation ainsi que le r\u00e9ajustement si n\u00e9cessaire.<\/p><\/li><li><p>Si le projet vous convient, les informations vous seront communiqu\u00e9es par mail.<\/p><\/li><li><p><span style=\"font-size: 16px;\">Apr\u00e8s validation de votre demande, le bon cadeau, <strong>signe\u0301 a\u0300 la main<\/strong>, vous sera ensuite envoye\u0301 par la poste dans un de\u0301lai de 8 jours ouvrables.<\/span><\/p><\/li><\/ol>\t\t\t\t\t\t\t\t<\/div>\n\t\t\t\t\t<\/div>\n\t\t\t\t<\/div>\n\t\t<div class=\"elementor-element elementor-element-4ecc81e e-flex e-con-boxed e-con e-parent\" data-id=\"4ecc81e\" data-element_type=\"container\" data-e-type=\"container\">\n\t\t\t\t\t<div class=\"e-con-inner\">\n\t\t\t\t<div class=\"elementor-element elementor-element-217f387 elementor-widget elementor-widget-button\" data-id=\"217f387\" data-element_type=\"widget\" data-e-type=\"widget\" data-widget_type=\"button.default\">\n\t\t\t\t\t\t\t\t\t\t<a class=\"elementor-button elementor-button-link elementor-size-sm\" href=\"https:\/\/chocard-aventure.ch\/contact-2\/\">\n\t\t\t\t\t\t<span class=\"elementor-button-content-wrapper\">\n\t\t\t\t\t\t<span class=\"elementor-button-icon\">\n\t\t\t\t<svg aria-hidden=\"true\" class=\"e-font-icon-svg e-fas-crow\" viewBox=\"0 0 640 512\" xmlns=\"http:\/\/www.w3.org\/2000\/svg\"><path d=\"M544 32h-16.36C513.04 12.68 490.09 0 464 0c-44.18 0-80 35.82-80 80v20.98L12.09 393.57A30.216 30.216 0 0 0 0 417.74c0 22.46 23.64 37.07 43.73 27.03L165.27 384h96.49l44.41 120.1c2.27 6.23 9.15 9.44 15.38 7.17l22.55-8.21c6.23-2.27 9.44-9.15 7.17-15.38L312.94 384H352c1.91 0 3.76-.23 5.66-.29l44.51 120.38c2.27 6.23 9.15 9.44 15.38 7.17l22.55-8.21c6.23-2.27 9.44-9.15 7.17-15.38l-41.24-111.53C485.74 352.8 544 279.26 544 192v-80l96-16c0-35.35-42.98-64-96-64zm-80 72c-13.25 0-24-10.75-24-24 0-13.26 10.75-24 24-24s24 10.74 24 24c0 13.25-10.75 24-24 24z\"><\/path><\/svg>\t\t\t<\/span>\n\t\t\t\t\t\t\t\t\t<span class=\"elementor-button-text\">Contactez-moi<\/span>\n\t\t\t\t\t<\/span>\n\t\t\t\t\t<\/a>\n\t\t\t\t\t\t\t\t<\/div>\n\t\t\t\t\t<\/div>\n\t\t\t\t<\/div>\n\t\t\t\t<\/div>\n\t\t","protected":false},"excerpt":{"rendered":"<p>Bons Cadeaux Vous cherchez un cadeau original pour un proche passionn\u00e9 de nature et de d\u00e9couvertes\u202f? \u00a0 Chocard Aventure vous propose un bon-cadeau qui ouvre les portes de sorties et voyages au grand air. Choisissez l\u2019itin\u00e9raire ou la th\u00e9matique de la sortie, ou d\u00e9terminez simplement la valeur du bon, pour laisser toute libert\u00e9 \u00e0 son [&hellip;]<\/p>\n","protected":false},"author":1,"featured_media":0,"parent":0,"menu_order":0,"comment_status":"closed","ping_status":"closed","template":"","meta":{"_uag_custom_page_level_css":"","site-sidebar-layout":"no-sidebar","site-content-layout":"page-builder","ast-site-content-layout":"full-width-container","site-content-style":"default","site-sidebar-style":"default","ast-global-header-display":"","ast-banner-title-visibility":"","ast-main-header-display":"","ast-hfb-above-header-display":"","ast-hfb-below-header-display":"","ast-hfb-mobile-header-display":"","site-post-title":"disabled","ast-breadcrumbs-content":"","ast-featured-img":"disabled","footer-sml-layout":"","ast-disable-related-posts":"","theme-transparent-header-meta":"","adv-header-id-meta":"","stick-header-meta":"","header-above-stick-meta":"","header-main-stick-meta":"","header-below-stick-meta":"","astra-migrate-meta-layouts":"set","ast-page-background-enabled":"default","ast-page-background-meta":{"desktop":{"background-color":"var(--ast-global-color-4)","background-image":"","background-repeat":"repeat","background-position":"center center","background-size":"auto","background-attachment":"scroll","background-type":"","background-media":"","overlay-type":"","overlay-color":"","overlay-opacity":"","overlay-gradient":""},"tablet":{"background-color":"","background-image":"","background-repeat":"repeat","background-position":"center center","background-size":"auto","background-attachment":"scroll","background-type":"","background-media":"","overlay-type":"","overlay-color":"","overlay-opacity":"","overlay-gradient":""},"mobile":{"background-color":"","background-image":"","background-repeat":"repeat","background-position":"center center","background-size":"auto","background-attachment":"scroll","background-type":"","background-media":"","overlay-type":"","overlay-color":"","overlay-opacity":"","overlay-gradient":""}},"ast-content-background-meta":{"desktop":{"background-color":"var(--ast-global-color-5)","background-image":"","background-repeat":"repeat","background-position":"center center","background-size":"auto","background-attachment":"scroll","background-type":"","background-media":"","overlay-type":"","overlay-color":"","overlay-opacity":"","overlay-gradient":""},"tablet":{"background-color":"var(--ast-global-color-5)","background-image":"","background-repeat":"repeat","background-position":"center center","background-size":"auto","background-attachment":"scroll","background-type":"","background-media":"","overlay-type":"","overlay-color":"","overlay-opacity":"","overlay-gradient":""},"mobile":{"background-color":"var(--ast-global-color-5)","background-image":"","background-repeat":"repeat","background-position":"center center","background-size":"auto","background-attachment":"scroll","background-type":"","background-media":"","overlay-type":"","overlay-color":"","overlay-opacity":"","overlay-gradient":""}},"footnotes":""},"class_list":["post-2871","page","type-page","status-publish","hentry"],"aioseo_notices":[],"uagb_featured_image_src":{"full":false,"thumbnail":false,"medium":false,"medium_large":false,"large":false,"1536x1536":false,"2048x2048":false,"trp-custom-language-flag":false,"woocommerce_thumbnail":false,"woocommerce_single":false,"woocommerce_gallery_thumbnail":false},"uagb_author_info":{"display_name":"chocard.aventure@hotmail.com","author_link":"https:\/\/chocard-aventure.ch\/fr\/author\/chopard-aventurehotmail-com\/"},"uagb_comment_info":0,"uagb_excerpt":"Bons Cadeaux Vous cherchez un cadeau original pour un proche passionn\u00e9 de nature et de d\u00e9couvertes\u202f? \u00a0 Chocard Aventure vous propose un bon-cadeau qui ouvre les portes de sorties et voyages au grand air. Choisissez l\u2019itin\u00e9raire ou la th\u00e9matique de la sortie, ou d\u00e9terminez simplement la valeur du bon, pour laisser toute libert\u00e9 \u00e0 son\u2026","_links":{"self":[{"href":"https:\/\/chocard-aventure.ch\/fr\/wp-json\/wp\/v2\/pages\/2871","targetHints":{"allow":["GET"]}}],"collection":[{"href":"https:\/\/chocard-aventure.ch\/fr\/wp-json\/wp\/v2\/pages"}],"about":[{"href":"https:\/\/chocard-aventure.ch\/fr\/wp-json\/wp\/v2\/types\/page"}],"author":[{"embeddable":true,"href":"https:\/\/chocard-aventure.ch\/fr\/wp-json\/wp\/v2\/users\/1"}],"replies":[{"embeddable":true,"href":"https:\/\/chocard-aventure.ch\/fr\/wp-json\/wp\/v2\/comments?post=2871"}],"version-history":[{"count":65,"href":"https:\/\/chocard-aventure.ch\/fr\/wp-json\/wp\/v2\/pages\/2871\/revisions"}],"predecessor-version":[{"id":4218,"href":"https:\/\/chocard-aventure.ch\/fr\/wp-json\/wp\/v2\/pages\/2871\/revisions\/4218"}],"wp:attachment":[{"href":"https:\/\/chocard-aventure.ch\/fr\/wp-json\/wp\/v2\/media?parent=2871"}],"curies":[{"name":"wp","href":"https:\/\/api.w.org\/{rel}","templated":true}]}}