{"id":4054,"date":"2026-02-16T11:06:08","date_gmt":"2026-02-16T11:06:08","guid":{"rendered":"https:\/\/chocard-aventure.ch\/?page_id=4054"},"modified":"2026-03-13T12:17:24","modified_gmt":"2026-03-13T12:17:24","slug":"programme-futur-treks-hiver","status":"publish","type":"page","link":"https:\/\/chocard-aventure.ch\/fr\/programme-futur-treks-hiver\/","title":{"rendered":"Programme futur &#8211; treks hiver"},"content":{"rendered":"\t\t<div data-elementor-type=\"wp-page\" data-elementor-id=\"4054\" class=\"elementor elementor-4054\">\n\t\t\t\t<div class=\"elementor-element elementor-element-l5qa1w9 e-flex e-con-boxed e-con e-parent\" data-id=\"l5qa1w9\" data-element_type=\"container\" data-e-type=\"container\" data-settings=\"{&quot;background_background&quot;:&quot;classic&quot;}\">\n\t\t\t\t\t<div class=\"e-con-inner\">\n\t\t<div class=\"elementor-element elementor-element-868c7c6 e-con-full e-flex e-con e-child\" data-id=\"868c7c6\" data-element_type=\"container\" data-e-type=\"container\">\n\t\t\t\t<div class=\"elementor-element elementor-element-735da12 elementor-widget elementor-widget-heading\" data-id=\"735da12\" data-element_type=\"widget\" data-e-type=\"widget\" data-widget_type=\"heading.default\">\n\t\t\t\t\t<h1 class=\"elementor-heading-title elementor-size-default\">Futurs treks hiver<\/h1>\t\t\t\t<\/div>\n\t\t\t\t<\/div>\n\t\t\t\t\t<\/div>\n\t\t\t\t<\/div>\n\t\t<div class=\"elementor-element elementor-element-c86c05e e-flex e-con-boxed e-con e-parent\" data-id=\"c86c05e\" data-element_type=\"container\" data-e-type=\"container\">\n\t\t\t\t\t<div class=\"e-con-inner\">\n\t\t\t\t<div class=\"elementor-element elementor-element-44f6706 elementor-widget-divider--view-line_icon elementor-view-default elementor-widget-divider--element-align-center elementor-widget elementor-widget-divider\" data-id=\"44f6706\" data-element_type=\"widget\" data-e-type=\"widget\" data-widget_type=\"divider.default\">\n\t\t\t\t\t\t\t<div class=\"elementor-divider\">\n\t\t\t<span class=\"elementor-divider-separator\">\n\t\t\t\t\t\t\t<div class=\"elementor-icon elementor-divider__element\">\n\t\t\t\t\t<svg aria-hidden=\"true\" class=\"e-font-icon-svg e-fas-snowman\" viewBox=\"0 0 512 512\" xmlns=\"http:\/\/www.w3.org\/2000\/svg\"><path d=\"M510.9 152.3l-5.9-14.5c-3.3-8-12.6-11.9-20.8-8.7L456 140.6v-29c0-8.6-7.2-15.6-16-15.6h-16c-8.8 0-16 7-16 15.6v46.9c0 .5.3 1 .3 1.5l-56.4 23c-5.9-10-13.3-18.9-22-26.6 13.6-16.6 22-37.4 22-60.5 0-53-43-96-96-96s-96 43-96 96c0 23.1 8.5 43.9 22 60.5-8.7 7.7-16 16.6-22 26.6l-56.4-23c.1-.5.3-1 .3-1.5v-46.9C104 103 96.8 96 88 96H72c-8.8 0-16 7-16 15.6v29l-28.1-11.5c-8.2-3.2-17.5.7-20.8 8.7l-5.9 14.5c-3.3 8 .7 17.1 8.9 20.3l135.2 55.2c-.4 4-1.2 8-1.2 12.2 0 10.1 1.7 19.6 4.2 28.9C120.9 296.4 104 334.2 104 376c0 54 28.4 100.9 70.8 127.8 9.3 5.9 20.3 8.2 31.3 8.2h99.2c13.3 0 26.3-4.1 37.2-11.7 46.5-32.3 74.4-89.4 62.9-152.6-5.5-30.2-20.5-57.6-41.6-79 2.5-9.2 4.2-18.7 4.2-28.7 0-4.2-.8-8.1-1.2-12.2L502 172.6c8.1-3.1 12.1-12.2 8.9-20.3zM224 96c-8.8 0-16-7.2-16-16s7.2-16 16-16 16 7.2 16 16-7.2 16-16 16zm32 272c-8.8 0-16-7.2-16-16s7.2-16 16-16 16 7.2 16 16-7.2 16-16 16zm0-64c-8.8 0-16-7.2-16-16s7.2-16 16-16 16 7.2 16 16-7.2 16-16 16zm0-64c-8.8 0-16-7.2-16-16s7.2-16 16-16 16 7.2 16 16-7.2 16-16 16zm0-88s-16-23.2-16-32 7.2-16 16-16 16 7.2 16 16-16 32-16 32zm32-56c-8.8 0-16-7.2-16-16s7.2-16 16-16 16 7.2 16 16-7.2 16-16 16z\"><\/path><\/svg><\/div>\n\t\t\t\t\t\t<\/span>\n\t\t<\/div>\n\t\t\t\t\t\t<\/div>\n\t\t\t\t\t<\/div>\n\t\t\t\t<\/div>\n\t\t<div class=\"elementor-element elementor-element-acz8sm5 e-flex e-con-boxed e-con e-parent\" data-id=\"acz8sm5\" data-element_type=\"container\" data-e-type=\"container\" data-settings=\"{&quot;background_background&quot;:&quot;classic&quot;}\">\n\t\t\t\t\t<div class=\"e-con-inner\">\n\t\t<div class=\"elementor-element elementor-element-1bb4ead e-con-full e-flex e-con e-child\" data-id=\"1bb4ead\" data-element_type=\"container\" data-e-type=\"container\">\n\t\t\t\t<div class=\"elementor-element elementor-element-e1406ee elementor-widget elementor-widget-hfe-infocard\" data-id=\"e1406ee\" data-element_type=\"widget\" data-e-type=\"widget\" data-widget_type=\"hfe-infocard.default\">\n\t\t\t\t<div class=\"elementor-widget-container\">\n\t\t\t\t\t\n\t\t<div class=\"hfe-infocard\">\n\t\t\t\t\t\t\t\t\t<div class=\"hfe-infocard-title-wrap\">\n\t\t\t\t<h2 class=\"hfe-infocard-title elementor-inline-editing\" data-elementor-setting-key=\"infocard_title\" data-elementor-inline-editing-toolbar=\"basic\" >1. Trois jours de randonn\u00e9es en raquettes dans la r\u00e9gion des Pr\u00e9alpes vaudoises et bernoises<\/h2>\t\t\t<\/div>\n\t\t\t\t\t\t<div class=\"hfe-infocard-text-wrap\">\n\t\t\t\t<div class=\"hfe-infocard-text elementor-inline-editing\" data-elementor-setting-key=\"infocard_description\" data-elementor-inline-editing-toolbar=\"advanced\">\n\t\t\t\t\tDes moments intenses au sein d\u2019une nature pr\u00e9serv\u00e9e au c\u0153ur des Alpes vaudoises et de l\u2019Oberland bernois. Partez \u00e0 la d\u00e9couverte d\u2019itin\u00e9raires enneig\u00e9s qui vous m\u00e8nent vers des lieux isol\u00e9s, o\u00f9 r\u00e8gnent silence et tranquillit\u00e9. Laissez-vous \u00e9merveiller par un panorama exceptionnel, offrant des vues grandioses sur les sommets alpins. Une exp\u00e9rience hivernale inoubliable, entre \u00e9merveillement et \u00e9vasion.\t\t\t\t<\/div>\n\t\t\t\t\t\t\t<\/div>\n\t\t<\/div>\n\n\t\t\t\t\t\t<\/div>\n\t\t\t\t<\/div>\n\t\t\t\t<div class=\"elementor-element elementor-element-e3c42ac elementor-align-center elementor-widget elementor-widget-button\" data-id=\"e3c42ac\" data-element_type=\"widget\" data-e-type=\"widget\" data-widget_type=\"button.default\">\n\t\t\t\t\t\t\t\t\t\t<a class=\"elementor-button elementor-button-link elementor-size-sm\" href=\"https:\/\/chocard-aventure.ch\/fr\/pf-trek-hiver-1\/\">\n\t\t\t\t\t\t<span class=\"elementor-button-content-wrapper\">\n\t\t\t\t\t\t\t\t\t<span class=\"elementor-button-text\">En savoir plus <\/span>\n\t\t\t\t\t<\/span>\n\t\t\t\t\t<\/a>\n\t\t\t\t\t\t\t\t<\/div>\n\t\t\t\t<\/div>\n\t\t<div class=\"elementor-element elementor-element-11f63ad e-con-full e-flex e-con e-child\" data-id=\"11f63ad\" data-element_type=\"container\" data-e-type=\"container\" data-settings=\"{&quot;background_background&quot;:&quot;slideshow&quot;,&quot;background_slideshow_gallery&quot;:[{&quot;id&quot;:4988,&quot;url&quot;:&quot;https:\\\/\\\/chocard-aventure.ch\\\/wp-content\\\/uploads\\\/2026\\\/03\\\/Photo_TrekHiver-1-scaled.jpg&quot;}],&quot;background_slideshow_loop&quot;:&quot;yes&quot;,&quot;background_slideshow_slide_duration&quot;:5000,&quot;background_slideshow_slide_transition&quot;:&quot;fade&quot;,&quot;background_slideshow_transition_duration&quot;:500}\">\n\t\t\t\t<\/div>\n\t\t\t\t\t<\/div>\n\t\t\t\t<\/div>\n\t\t<div class=\"elementor-element elementor-element-8a41235 e-flex e-con-boxed e-con e-parent\" data-id=\"8a41235\" data-element_type=\"container\" data-e-type=\"container\">\n\t\t\t\t\t<div class=\"e-con-inner\">\n\t\t<div class=\"elementor-element elementor-element-b83b595 e-con-full e-flex e-con e-child\" data-id=\"b83b595\" data-element_type=\"container\" data-e-type=\"container\">\n\t\t\t\t<div class=\"elementor-element elementor-element-bbfa253 elementor-widget-divider--view-line_icon elementor-view-default elementor-widget-divider--element-align-center elementor-widget elementor-widget-divider\" data-id=\"bbfa253\" data-element_type=\"widget\" data-e-type=\"widget\" data-widget_type=\"divider.default\">\n\t\t\t\t\t\t\t<div class=\"elementor-divider\">\n\t\t\t<span class=\"elementor-divider-separator\">\n\t\t\t\t\t\t\t<div class=\"elementor-icon elementor-divider__element\">\n\t\t\t\t\t<svg aria-hidden=\"true\" class=\"e-font-icon-svg e-far-snowflake\" viewBox=\"0 0 448 512\" xmlns=\"http:\/\/www.w3.org\/2000\/svg\"><path d=\"M440.1 355.2l-39.2-23 34.1-9.3c8.4-2.3 13.4-11.1 11.1-19.6l-4.1-15.5c-2.2-8.5-10.9-13.6-19.3-11.3L343 298.2 271.2 256l71.9-42.2 79.7 21.7c8.4 2.3 17-2.8 19.3-11.3l4.1-15.5c2.2-8.5-2.7-17.3-11.1-19.6l-34.1-9.3 39.2-23c7.5-4.4 10.1-14.2 5.8-21.9l-7.9-13.9c-4.3-7.7-14-10.3-21.5-5.9l-39.2 23 9.1-34.7c2.2-8.5-2.7-17.3-11.1-19.6l-15.2-4.1c-8.4-2.3-17 2.8-19.3 11.3l-21.3 81-71.9 42.2v-84.5L306 70.4c6.1-6.2 6.1-16.4 0-22.6l-11.1-11.3c-6.1-6.2-16.1-6.2-22.2 0l-24.9 25.4V16c0-8.8-7-16-15.7-16h-15.7c-8.7 0-15.7 7.2-15.7 16v46.1l-24.9-25.4c-6.1-6.2-16.1-6.2-22.2 0L142.1 48c-6.1 6.2-6.1 16.4 0 22.6l58.3 59.3v84.5l-71.9-42.2-21.3-81c-2.2-8.5-10.9-13.6-19.3-11.3L72.7 84c-8.4 2.3-13.4 11.1-11.1 19.6l9.1 34.7-39.2-23c-7.5-4.4-17.1-1.8-21.5 5.9l-7.9 13.9c-4.3 7.7-1.8 17.4 5.8 21.9l39.2 23-34.1 9.1c-8.4 2.3-13.4 11.1-11.1 19.6L6 224.2c2.2 8.5 10.9 13.6 19.3 11.3l79.7-21.7 71.9 42.2-71.9 42.2-79.7-21.7c-8.4-2.3-17 2.8-19.3 11.3l-4.1 15.5c-2.2 8.5 2.7 17.3 11.1 19.6l34.1 9.3-39.2 23c-7.5 4.4-10.1 14.2-5.8 21.9L10 391c4.3 7.7 14 10.3 21.5 5.9l39.2-23-9.1 34.7c-2.2 8.5 2.7 17.3 11.1 19.6l15.2 4.1c8.4 2.3 17-2.8 19.3-11.3l21.3-81 71.9-42.2v84.5l-58.3 59.3c-6.1 6.2-6.1 16.4 0 22.6l11.1 11.3c6.1 6.2 16.1 6.2 22.2 0l24.9-25.4V496c0 8.8 7 16 15.7 16h15.7c8.7 0 15.7-7.2 15.7-16v-46.1l24.9 25.4c6.1 6.2 16.1 6.2 22.2 0l11.1-11.3c6.1-6.2 6.1-16.4 0-22.6l-58.3-59.3v-84.5l71.9 42.2 21.3 81c2.2 8.5 10.9 13.6 19.3 11.3L375 428c8.4-2.3 13.4-11.1 11.1-19.6l-9.1-34.7 39.2 23c7.5 4.4 17.1 1.8 21.5-5.9l7.9-13.9c4.6-7.5 2.1-17.3-5.5-21.7z\"><\/path><\/svg><\/div>\n\t\t\t\t\t\t<\/span>\n\t\t<\/div>\n\t\t\t\t\t\t<\/div>\n\t\t\t\t<\/div>\n\t\t\t\t\t<\/div>\n\t\t\t\t<\/div>\n\t\t\t\t<\/div>\n\t\t","protected":false},"excerpt":{"rendered":"<p>Futurs treks hiver 1. Trois jours de randonn\u00e9es en raquettes dans la r\u00e9gion des Pr\u00e9alpes vaudoises et bernoises Des moments intenses au sein d\u2019une nature pr\u00e9serv\u00e9e au c\u0153ur des Alpes vaudoises et de l\u2019Oberland bernois. Partez \u00e0 la d\u00e9couverte d\u2019itin\u00e9raires enneig\u00e9s qui vous m\u00e8nent vers des lieux isol\u00e9s, o\u00f9 r\u00e8gnent silence et tranquillit\u00e9. Laissez-vous \u00e9merveiller [&hellip;]<\/p>\n","protected":false},"author":1,"featured_media":0,"parent":0,"menu_order":0,"comment_status":"closed","ping_status":"closed","template":"","meta":{"_uag_custom_page_level_css":"","site-sidebar-layout":"no-sidebar","site-content-layout":"page-builder","ast-site-content-layout":"full-width-container","site-content-style":"default","site-sidebar-style":"default","ast-global-header-display":"","ast-banner-title-visibility":"","ast-main-header-display":"","ast-hfb-above-header-display":"","ast-hfb-below-header-display":"","ast-hfb-mobile-header-display":"","site-post-title":"disabled","ast-breadcrumbs-content":"","ast-featured-img":"disabled","footer-sml-layout":"","ast-disable-related-posts":"","theme-transparent-header-meta":"","adv-header-id-meta":"","stick-header-meta":"","header-above-stick-meta":"","header-main-stick-meta":"","header-below-stick-meta":"","astra-migrate-meta-layouts":"set","ast-page-background-enabled":"default","ast-page-background-meta":{"desktop":{"background-color":"var(--ast-global-color-4)","background-image":"","background-repeat":"repeat","background-position":"center center","background-size":"auto","background-attachment":"scroll","background-type":"","background-media":"","overlay-type":"","overlay-color":"","overlay-opacity":"","overlay-gradient":""},"tablet":{"background-color":"","background-image":"","background-repeat":"repeat","background-position":"center center","background-size":"auto","background-attachment":"scroll","background-type":"","background-media":"","overlay-type":"","overlay-color":"","overlay-opacity":"","overlay-gradient":""},"mobile":{"background-color":"","background-image":"","background-repeat":"repeat","background-position":"center center","background-size":"auto","background-attachment":"scroll","background-type":"","background-media":"","overlay-type":"","overlay-color":"","overlay-opacity":"","overlay-gradient":""}},"ast-content-background-meta":{"desktop":{"background-color":"var(--ast-global-color-5)","background-image":"","background-repeat":"repeat","background-position":"center center","background-size":"auto","background-attachment":"scroll","background-type":"","background-media":"","overlay-type":"","overlay-color":"","overlay-opacity":"","overlay-gradient":""},"tablet":{"background-color":"var(--ast-global-color-5)","background-image":"","background-repeat":"repeat","background-position":"center center","background-size":"auto","background-attachment":"scroll","background-type":"","background-media":"","overlay-type":"","overlay-color":"","overlay-opacity":"","overlay-gradient":""},"mobile":{"background-color":"var(--ast-global-color-5)","background-image":"","background-repeat":"repeat","background-position":"center center","background-size":"auto","background-attachment":"scroll","background-type":"","background-media":"","overlay-type":"","overlay-color":"","overlay-opacity":"","overlay-gradient":""}},"footnotes":""},"class_list":["post-4054","page","type-page","status-publish","hentry"],"aioseo_notices":[],"uagb_featured_image_src":{"full":false,"thumbnail":false,"medium":false,"medium_large":false,"large":false,"1536x1536":false,"2048x2048":false,"trp-custom-language-flag":false,"woocommerce_thumbnail":false,"woocommerce_single":false,"woocommerce_gallery_thumbnail":false},"uagb_author_info":{"display_name":"chocard.aventure@hotmail.com","author_link":"https:\/\/chocard-aventure.ch\/fr\/author\/chopard-aventurehotmail-com\/"},"uagb_comment_info":0,"uagb_excerpt":"Futurs treks hiver 1. Trois jours de randonn\u00e9es en raquettes dans la r\u00e9gion des Pr\u00e9alpes vaudoises et bernoises Des moments intenses au sein d\u2019une nature pr\u00e9serv\u00e9e au c\u0153ur des Alpes vaudoises et de l\u2019Oberland bernois. Partez \u00e0 la d\u00e9couverte d\u2019itin\u00e9raires enneig\u00e9s qui vous m\u00e8nent vers des lieux isol\u00e9s, o\u00f9 r\u00e8gnent silence et tranquillit\u00e9. Laissez-vous \u00e9merveiller\u2026","_links":{"self":[{"href":"https:\/\/chocard-aventure.ch\/fr\/wp-json\/wp\/v2\/pages\/4054","targetHints":{"allow":["GET"]}}],"collection":[{"href":"https:\/\/chocard-aventure.ch\/fr\/wp-json\/wp\/v2\/pages"}],"about":[{"href":"https:\/\/chocard-aventure.ch\/fr\/wp-json\/wp\/v2\/types\/page"}],"author":[{"embeddable":true,"href":"https:\/\/chocard-aventure.ch\/fr\/wp-json\/wp\/v2\/users\/1"}],"replies":[{"embeddable":true,"href":"https:\/\/chocard-aventure.ch\/fr\/wp-json\/wp\/v2\/comments?post=4054"}],"version-history":[{"count":13,"href":"https:\/\/chocard-aventure.ch\/fr\/wp-json\/wp\/v2\/pages\/4054\/revisions"}],"predecessor-version":[{"id":5002,"href":"https:\/\/chocard-aventure.ch\/fr\/wp-json\/wp\/v2\/pages\/4054\/revisions\/5002"}],"wp:attachment":[{"href":"https:\/\/chocard-aventure.ch\/fr\/wp-json\/wp\/v2\/media?parent=4054"}],"curies":[{"name":"wp","href":"https:\/\/api.w.org\/{rel}","templated":true}]}}